{"id":6978,"date":"2025-06-22T20:51:59","date_gmt":"2025-06-22T18:51:59","guid":{"rendered":"https:\/\/terra-contact.fr\/?page_id=6978"},"modified":"2026-03-19T21:34:22","modified_gmt":"2026-03-19T20:34:22","slug":"semaine-2","status":"publish","type":"page","link":"https:\/\/terra-contact.fr\/en\/semaine-2\/","title":{"rendered":"semaine-2"},"content":{"rendered":"\t\t<div data-elementor-type=\"wp-page\" data-elementor-id=\"6978\" class=\"elementor elementor-6978\">\n\t\t\t\t<div class=\"elementor-element elementor-element-181229bf e-flex e-con-boxed e-con e-parent\" data-id=\"181229bf\" data-element_type=\"container\" data-settings=\"{&quot;background_background&quot;:&quot;classic&quot;}\">\n\t\t\t\t\t<div class=\"e-con-inner\">\n\t\t<div class=\"elementor-element elementor-element-15d11761 e-con-full e-flex e-con e-child\" data-id=\"15d11761\" data-element_type=\"container\">\n\t\t\t\t<div class=\"elementor-element elementor-element-2a60929d e-transform elementor-hidden-mobile elementor-widget elementor-widget-text-editor\" data-id=\"2a60929d\" data-element_type=\"widget\" data-settings=\"{&quot;_transform_scale_effect&quot;:{&quot;unit&quot;:&quot;px&quot;,&quot;size&quot;:1.2,&quot;sizes&quot;:[]},&quot;_transform_scale_effect_tablet&quot;:{&quot;unit&quot;:&quot;px&quot;,&quot;size&quot;:&quot;&quot;,&quot;sizes&quot;:[]},&quot;_transform_scale_effect_mobile&quot;:{&quot;unit&quot;:&quot;px&quot;,&quot;size&quot;:&quot;&quot;,&quot;sizes&quot;:[]}}\" data-widget_type=\"text-editor.default\">\n\t\t\t\t<div class=\"elementor-widget-container\">\n\t\t\t\t\t\t\t\t\t<h5><strong>Second week from August 17 to 23, 2026<\/strong><br \/><strong>With Matthieu Gaudeau<\/strong><\/h5>\t\t\t\t\t\t\t\t<\/div>\n\t\t\t\t<\/div>\n\t\t\t\t<\/div>\n\t\t<div class=\"elementor-element elementor-element-2e7dbe45 e-con-full e-flex e-con e-child\" data-id=\"2e7dbe45\" data-element_type=\"container\">\n\t\t\t\t<div class=\"elementor-element elementor-element-3dd26fc elementor-widget__width-initial e-transform elementor-hidden-mobile elementor-widget elementor-widget-image\" data-id=\"3dd26fc\" data-element_type=\"widget\" data-settings=\"{&quot;_transform_scale_effect&quot;:{&quot;unit&quot;:&quot;px&quot;,&quot;size&quot;:0.8,&quot;sizes&quot;:[]},&quot;_transform_scale_effect_tablet&quot;:{&quot;unit&quot;:&quot;px&quot;,&quot;size&quot;:&quot;&quot;,&quot;sizes&quot;:[]},&quot;_transform_scale_effect_mobile&quot;:{&quot;unit&quot;:&quot;px&quot;,&quot;size&quot;:&quot;&quot;,&quot;sizes&quot;:[]}}\" data-widget_type=\"image.default\">\n\t\t\t\t<div class=\"elementor-widget-container\">\n\t\t\t\t\t\t\t\t\t\t\t\t\t\t\t<img decoding=\"async\" width=\"202\" height=\"243\" src=\"https:\/\/terra-contact.fr\/wp-content\/uploads\/2026\/02\/ciste_200_terra-contact_2026_danse_france_pyrenees-orientales_gaudeau_nature_sauvage-wild.png\" class=\"attachment-medium size-medium wp-image-7418\" alt=\"\" \/>\t\t\t\t\t\t\t\t\t\t\t\t\t\t\t<\/div>\n\t\t\t\t<\/div>\n\t\t\t\t<\/div>\n\t\t<div class=\"elementor-element elementor-element-2c4d099b e-con-full e-flex e-con e-child\" data-id=\"2c4d099b\" data-element_type=\"container\">\n\t\t\t\t<div class=\"elementor-element elementor-element-3e22dbbb elementor-widget elementor-widget-image\" data-id=\"3e22dbbb\" data-element_type=\"widget\" data-widget_type=\"image.default\">\n\t\t\t\t<div class=\"elementor-widget-container\">\n\t\t\t\t\t\t\t\t\t\t\t\t\t\t\t<img fetchpriority=\"high\" decoding=\"async\" width=\"533\" height=\"800\" src=\"https:\/\/terra-contact.fr\/wp-content\/uploads\/2025\/01\/semaine2-mat-terra-contact-impro.jpg\" class=\"attachment-large size-large wp-image-4329\" alt=\"\" srcset=\"https:\/\/terra-contact.fr\/wp-content\/uploads\/2025\/01\/semaine2-mat-terra-contact-impro.jpg 533w, https:\/\/terra-contact.fr\/wp-content\/uploads\/2025\/01\/semaine2-mat-terra-contact-impro-200x300.jpg 200w\" sizes=\"(max-width: 533px) 100vw, 533px\" \/>\t\t\t\t\t\t\t\t\t\t\t\t\t\t\t<\/div>\n\t\t\t\t<\/div>\n\t\t\t\t<div class=\"elementor-element elementor-element-8f7cbf6 elementor-hidden-tablet elementor-hidden-mobile elementor-widget elementor-widget-image\" data-id=\"8f7cbf6\" data-element_type=\"widget\" data-widget_type=\"image.default\">\n\t\t\t\t<div class=\"elementor-widget-container\">\n\t\t\t\t\t\t\t\t\t\t\t\t\t\t\t<img decoding=\"async\" width=\"363\" height=\"737\" src=\"https:\/\/terra-contact.fr\/wp-content\/uploads\/2026\/02\/danseu_renard_terra-contact_2026_danse_france_pyrenees-orientales_gaudeau_nature_sauvage-wild.png\" class=\"attachment-large size-large wp-image-7400\" alt=\"\" srcset=\"https:\/\/terra-contact.fr\/wp-content\/uploads\/2026\/02\/danseu_renard_terra-contact_2026_danse_france_pyrenees-orientales_gaudeau_nature_sauvage-wild.png 363w, https:\/\/terra-contact.fr\/wp-content\/uploads\/2026\/02\/danseu_renard_terra-contact_2026_danse_france_pyrenees-orientales_gaudeau_nature_sauvage-wild-148x300.png 148w\" sizes=\"(max-width: 363px) 100vw, 363px\" \/>\t\t\t\t\t\t\t\t\t\t\t\t\t\t\t<\/div>\n\t\t\t\t<\/div>\n\t\t\t\t<\/div>\n\t\t<div class=\"elementor-element elementor-element-3f34dfc6 e-con-full e-flex e-con e-child\" data-id=\"3f34dfc6\" data-element_type=\"container\">\n\t\t\t\t<div class=\"elementor-element elementor-element-7c0556a0 elementor-hidden-desktop elementor-widget elementor-widget-text-editor\" data-id=\"7c0556a0\" data-element_type=\"widget\" data-widget_type=\"text-editor.default\">\n\t\t\t\t<div class=\"elementor-widget-container\">\n\t\t\t\t\t\t\t\t\t<h4><b>ANIMAL FICTIONS<\/b><\/h4><h6>(Back to the Instinct)<\/h6><h4><span style=\"font-size: 16px; font-style: inherit; font-weight: inherit; color: var( --e-global-color-text ); font-family: var( --e-global-typography-text-font-family ), Sans-serif; text-align: var(--text-align);\"><em><strong>Matthieu Gaudeau will be the only teacher during this week.<\/strong><br \/><strong><a href=\"#programme-matthieu-gaudeau\">See the detailed programme of the week<\/a><\/strong><\/em><\/span><\/h4><div><p><b>&#8220;Relationship is the binding agent of not yet&#8221;<\/b> \u2014 Erin Manning<\/p><p>I have always been inspired by the first explorations in Contact Improvisation, especially by the \u201cwarm-ups.\u201d According to Steve Paxton, these could be summed up as the \u201csmall dance,\u201d that is, standing upright, remaining still and \u201cobserving\u201d the micro-adjustments inherent to vertical posture, <b>as an essential preparation for the unexpected<\/b>, for improvisation.<\/p><p>Developing a <b>being-with<\/b> that will allow us to be in relation with the environment as fully as possible.<\/p><p>H. Godard offers us another imaginary: that \u201cof a rabbit sniffing the surrounding space, its head suspended in the position that best captures the scents, sounds, shapes and movements of the environment.\u201d <b>This intelligence is neither in the animal nor in the environment. It arises in their coupling, in the relationship that mutually constitutes them.<\/b><\/p><p>\u201cThe living being only feels in order to pursue its oriented movement and only moves in order to better feel\u201d (Barbaras). This recursive loop draws a territory where instinct becomes <b>an intelligence of the situation<\/b> \u2014 an accuracy emerging from the very weaving between sensing and moving, with weight-sharing as its essential component (I cannot encounter the world without falling, even if only by a few grams).<\/p><p><b>This instinct \u2014 or should we say this affect? \u2014 is nothing like a fixed program<\/b>. As Massumi writes about animal play: \u201cThe form of the gesture becomes more or less subtly deformed under the pressure of the body\u2019s enthusiasm that propels it.\u201d <b>Instinct is this power of variation, this \u2018laboratory providing vital forms of action\u2019 where invention is at play. More life means more inventiveness.<\/b><\/p><p>What ultimately deepens is the possibility of remaining within this \u201cwonder of undoing\/redoing\u201d in action, of sustaining oneself in a place of emergence, where attention functions more as a modality of attunement than as an agent of modification.<\/p><p>This is what I would like to share and deepen during this workshop: exploring this moving territory where instinct is neither genetic program nor cultural acquisition, but a power of variation emerging through practice itself.<\/p><\/div><div>\u00a0<\/div><div>Matthieu Gaudeau<\/div><div>\u00a0<\/div><p><a href=\"https:\/\/terra-contact.fr\/en\/semaine-1\/\">See the first week with Alice Dutreuil-Nouchimowitz<\/a><\/p><h5>\u00a0<\/h5>\t\t\t\t\t\t\t\t<\/div>\n\t\t\t\t<\/div>\n\t\t\t\t<div class=\"elementor-element elementor-element-267a1103 elementor-hidden-mobile elementor-widget elementor-widget-text-editor\" data-id=\"267a1103\" data-element_type=\"widget\" data-widget_type=\"text-editor.default\">\n\t\t\t\t<div class=\"elementor-widget-container\">\n\t\t\t\t\t\t\t\t\t<h4><b>ANIMAL FICTIONS<\/b><\/h4><h6>(Back to the Instinct)<\/h6><h4><span style=\"font-size: 16px; font-style: inherit; font-weight: inherit; color: var( --e-global-color-text ); font-family: var( --e-global-typography-text-font-family ), Sans-serif; text-align: var(--text-align);\"><em><strong>Matthieu Gaudeau will be the only teacher during this week.<\/strong><br \/><strong><a href=\"#programme-matthieu-gaudeau\">See the detailed programme of the week<\/a><\/strong><\/em><\/span><\/h4><div><p><b>&#8220;Relationship is the binding agent of not yet&#8221;<\/b> \u2014 Erin Manning<\/p><p>I have always been inspired by the first explorations in Contact Improvisation, especially by the \u201cwarm-ups.\u201d According to Steve Paxton, these could be summed up as the \u201csmall dance,\u201d that is, standing upright, remaining still and \u201cobserving\u201d the micro-adjustments inherent to vertical posture, <b>as an essential preparation for the unexpected<\/b>, for improvisation.<\/p><p>Developing a <b>being-with<\/b> that will allow us to be in relation with the environment as fully as possible.<\/p><p>H. Godard offers us another imaginary: that \u201cof a rabbit sniffing the surrounding space, its head suspended in the position that best captures the scents, sounds, shapes and movements of the environment.\u201d <b>This intelligence is neither in the animal nor in the environment. It arises in their coupling, in the relationship that mutually constitutes them.<\/b><\/p><p>\u201cThe living being only feels in order to pursue its oriented movement and only moves in order to better feel\u201d (Barbaras). This recursive loop draws a territory where instinct becomes <b>an intelligence of the situation<\/b> \u2014 an accuracy emerging from the very weaving between sensing and moving, with weight-sharing as its essential component (I cannot encounter the world without falling, even if only by a few grams).<\/p><p><b>This instinct \u2014 or should we say this affect? \u2014 is nothing like a fixed program<\/b>. As Massumi writes about animal play: \u201cThe form of the gesture becomes more or less subtly deformed under the pressure of the body\u2019s enthusiasm that propels it.\u201d <b>Instinct is this power of variation, this \u2018laboratory providing vital forms of action\u2019 where invention is at play. More life means more inventiveness.<\/b><\/p><p>What ultimately deepens is the possibility of remaining within this \u201cwonder of undoing\/redoing\u201d in action, of sustaining oneself in a place of emergence, where attention functions more as a modality of attunement than as an agent of modification.<\/p><p>This is what I would like to share and deepen during this workshop: exploring this moving territory where instinct is neither genetic program nor cultural acquisition, but a power of variation emerging through practice itself.<\/p><\/div><div>\u00a0<\/div><div>Matthieu Gaudeau<\/div><div>\u00a0<\/div><p><a href=\"https:\/\/terra-contact.fr\/en\/semaine-1\/\">See the first week with Alice Dutreuil-Nouchimowitz<\/a><\/p><h5>\u00a0<\/h5>\t\t\t\t\t\t\t\t<\/div>\n\t\t\t\t<\/div>\n\t\t\t\t<\/div>\n\t\t\t\t\t<\/div>\n\t\t\t\t<\/div>\n\t\t<div class=\"elementor-element elementor-element-3cf0807 e-flex e-con-boxed e-con e-parent\" data-id=\"3cf0807\" data-element_type=\"container\">\n\t\t\t\t\t<div class=\"e-con-inner\">\n\t\t\t\t<div class=\"elementor-element elementor-element-83d2b17 elementor-widget elementor-widget-menu-anchor\" data-id=\"83d2b17\" data-element_type=\"widget\" data-widget_type=\"menu-anchor.default\">\n\t\t\t\t<div class=\"elementor-widget-container\">\n\t\t\t\t\t\t\t<div class=\"elementor-menu-anchor\" id=\"programme-matthieu-gaudeau\"><\/div>\n\t\t\t\t\t\t<\/div>\n\t\t\t\t<\/div>\n\t\t\t\t<div class=\"elementor-element elementor-element-6d16a10 elementor-widget elementor-widget-image\" data-id=\"6d16a10\" data-element_type=\"widget\" data-widget_type=\"image.default\">\n\t\t\t\t<div class=\"elementor-widget-container\">\n\t\t\t\t\t\t\t\t\t\t\t\t\t\t\t\t<a href=\"http:\/\/terra-contact.fr\/wp-content\/uploads\/2026\/02\/planning-semaine-2-medium-terra-contact_2026_danse_france_pyrenees-orientales_gaudeau_nature_sauvage-wild.png\" data-elementor-open-lightbox=\"yes\" data-e-action-hash=\"#elementor-action%3Aaction%3Dlightbox%26settings%3DeyJpZCI6NzY4MywidXJsIjpmYWxzZX0%3D\">\n\t\t\t\t\t\t\t<img decoding=\"async\" src=\"http:\/\/terra-contact.fr\/wp-content\/uploads\/2026\/02\/planning-semaine-2-medium-terra-contact_2026_danse_france_pyrenees-orientales_gaudeau_nature_sauvage-wild.png\" title=\"\" alt=\"\" loading=\"lazy\" \/>\t\t\t\t\t\t\t\t<\/a>\n\t\t\t\t\t\t\t\t\t\t\t\t\t\t\t<\/div>\n\t\t\t\t<\/div>\n\t\t\t\t\t<\/div>\n\t\t\t\t<\/div>\n\t\t<div class=\"elementor-element elementor-element-206d272 e-flex e-con-boxed e-con e-parent\" data-id=\"206d272\" data-element_type=\"container\">\n\t\t\t\t\t<div class=\"e-con-inner\">\n\t\t\t\t<div class=\"elementor-element elementor-element-40fd958 elementor-widget-divider--view-line elementor-widget elementor-widget-divider\" data-id=\"40fd958\" data-element_type=\"widget\" data-widget_type=\"divider.default\">\n\t\t\t\t<div class=\"elementor-widget-container\">\n\t\t\t\t\t\t\t<div class=\"elementor-divider\">\n\t\t\t<span class=\"elementor-divider-separator\">\n\t\t\t\t\t\t<\/span>\n\t\t<\/div>\n\t\t\t\t\t\t<\/div>\n\t\t\t\t<\/div>\n\t\t\t\t\t<\/div>\n\t\t\t\t<\/div>\n\t\t<div class=\"elementor-element elementor-element-dac2122 e-flex e-con-boxed e-con e-parent\" data-id=\"dac2122\" data-element_type=\"container\">\n\t\t\t\t\t<div class=\"e-con-inner\">\n\t\t\t\t<div class=\"elementor-element elementor-element-bf9a997 elementor-widget elementor-widget-image\" data-id=\"bf9a997\" data-element_type=\"widget\" data-widget_type=\"image.default\">\n\t\t\t\t<div class=\"elementor-widget-container\">\n\t\t\t\t\t\t\t\t\t\t\t\t\t\t\t<img loading=\"lazy\" decoding=\"async\" width=\"1000\" height=\"707\" src=\"https:\/\/terra-contact.fr\/wp-content\/uploads\/2026\/02\/15_planning-semaine-1-medium-terra-contact_2026_danse_france_pyrenees-orientale_Alice_matthieu-Gaudeau_nature_sauvage-wild.png\" class=\"attachment-large size-large wp-image-8369\" alt=\"\" srcset=\"https:\/\/terra-contact.fr\/wp-content\/uploads\/2026\/02\/15_planning-semaine-1-medium-terra-contact_2026_danse_france_pyrenees-orientale_Alice_matthieu-Gaudeau_nature_sauvage-wild.png 1000w, https:\/\/terra-contact.fr\/wp-content\/uploads\/2026\/02\/15_planning-semaine-1-medium-terra-contact_2026_danse_france_pyrenees-orientale_Alice_matthieu-Gaudeau_nature_sauvage-wild-300x212.png 300w, https:\/\/terra-contact.fr\/wp-content\/uploads\/2026\/02\/15_planning-semaine-1-medium-terra-contact_2026_danse_france_pyrenees-orientale_Alice_matthieu-Gaudeau_nature_sauvage-wild-768x543.png 768w\" sizes=\"(max-width: 1000px) 100vw, 1000px\" \/>\t\t\t\t\t\t\t\t\t\t\t\t\t\t\t<\/div>\n\t\t\t\t<\/div>\n\t\t\t\t\t<\/div>\n\t\t\t\t<\/div>\n\t\t\t\t<\/div>\n\t\t","protected":false},"excerpt":{"rendered":"<p>Deuxi\u00e8me semaine du 17 au 23 Ao\u00fbt 2026Avec Matthieu Gaudeau Deuxi\u00e8me semaine du 17 au 23 Ao\u00fbt 2026Avec Matthieu Gaudeau Fictions animales Retour \u00e0 l&#8217;instinct Voir le programme d\u00e9taill\u00e9 de la semaine Matthieu Gaudeau sera l\u2019unique intervenant durant cette semaine. &#8220;Relationship is the binding agent of not yet&#8221; \u2014 Erin Manning \u00a0 \u00a0J&#8217;ai toujours \u00e9t\u00e9 [&hellip;]<\/p>\n","protected":false},"author":1,"featured_media":0,"parent":0,"menu_order":0,"comment_status":"closed","ping_status":"closed","template":"","meta":{"site-sidebar-layout":"no-sidebar","site-content-layout":"page-builder","ast-site-content-layout":"full-width-container","site-content-style":"default","site-sidebar-style":"default","ast-global-header-display":"","ast-banner-title-visibility":"","ast-main-header-display":"","ast-hfb-above-header-display":"","ast-hfb-below-header-display":"","ast-hfb-mobile-header-display":"","site-post-title":"disabled","ast-breadcrumbs-content":"","ast-featured-img":"disabled","footer-sml-layout":"","theme-transparent-header-meta":"","adv-header-id-meta":"","stick-header-meta":"","header-above-stick-meta":"","header-main-stick-meta":"","header-below-stick-meta":"","astra-migrate-meta-layouts":"set","ast-page-background-enabled":"default","ast-page-background-meta":{"desktop":{"background-color":"var(--ast-global-color-4)","background-image":"","background-repeat":"repeat","background-position":"center center","background-size":"auto","background-attachment":"scroll","background-type":"","background-media":"","overlay-type":"","overlay-color":"","overlay-opacity":"","overlay-gradient":""},"tablet":{"background-color":"","background-image":"","background-repeat":"repeat","background-position":"center center","background-size":"auto","background-attachment":"scroll","background-type":"","background-media":"","overlay-type":"","overlay-color":"","overlay-opacity":"","overlay-gradient":""},"mobile":{"background-color":"","background-image":"","background-repeat":"repeat","background-position":"center center","background-size":"auto","background-attachment":"scroll","background-type":"","background-media":"","overlay-type":"","overlay-color":"","overlay-opacity":"","overlay-gradient":""}},"ast-content-background-meta":{"desktop":{"background-color":"var(--ast-global-color-5)","background-image":"","background-repeat":"repeat","background-position":"center center","background-size":"auto","background-attachment":"scroll","background-type":"","background-media":"","overlay-type":"","overlay-color":"","overlay-opacity":"","overlay-gradient":""},"tablet":{"background-color":"var(--ast-global-color-5)","background-image":"","background-repeat":"repeat","background-position":"center center","background-size":"auto","background-attachment":"scroll","background-type":"","background-media":"","overlay-type":"","overlay-color":"","overlay-opacity":"","overlay-gradient":""},"mobile":{"background-color":"var(--ast-global-color-5)","background-image":"","background-repeat":"repeat","background-position":"center center","background-size":"auto","background-attachment":"scroll","background-type":"","background-media":"","overlay-type":"","overlay-color":"","overlay-opacity":"","overlay-gradient":""}},"footnotes":""},"class_list":["post-6978","page","type-page","status-publish","hentry"],"_links":{"self":[{"href":"https:\/\/terra-contact.fr\/en\/wp-json\/wp\/v2\/pages\/6978","targetHints":{"allow":["GET"]}}],"collection":[{"href":"https:\/\/terra-contact.fr\/en\/wp-json\/wp\/v2\/pages"}],"about":[{"href":"https:\/\/terra-contact.fr\/en\/wp-json\/wp\/v2\/types\/page"}],"author":[{"embeddable":true,"href":"https:\/\/terra-contact.fr\/en\/wp-json\/wp\/v2\/users\/1"}],"replies":[{"embeddable":true,"href":"https:\/\/terra-contact.fr\/en\/wp-json\/wp\/v2\/comments?post=6978"}],"version-history":[{"count":240,"href":"https:\/\/terra-contact.fr\/en\/wp-json\/wp\/v2\/pages\/6978\/revisions"}],"predecessor-version":[{"id":9566,"href":"https:\/\/terra-contact.fr\/en\/wp-json\/wp\/v2\/pages\/6978\/revisions\/9566"}],"wp:attachment":[{"href":"https:\/\/terra-contact.fr\/en\/wp-json\/wp\/v2\/media?parent=6978"}],"curies":[{"name":"wp","href":"https:\/\/api.w.org\/{rel}","templated":true}]}}