{"id":2273,"date":"2024-12-20T14:22:19","date_gmt":"2024-12-20T13:22:19","guid":{"rendered":"https:\/\/terra-contact.fr\/?page_id=2273"},"modified":"2026-03-19T17:50:15","modified_gmt":"2026-03-19T16:50:15","slug":"lieu","status":"publish","type":"page","link":"https:\/\/terra-contact.fr\/en\/lieu\/","title":{"rendered":"Place"},"content":{"rendered":"\t\t<div data-elementor-type=\"wp-page\" data-elementor-id=\"2273\" class=\"elementor elementor-2273\">\n\t\t\t\t<div class=\"elementor-element elementor-element-df7dc56 e-flex e-con-boxed e-con e-parent\" data-id=\"df7dc56\" data-element_type=\"container\">\n\t\t\t\t\t<div class=\"e-con-inner\">\n\t\t\t\t<div class=\"elementor-element elementor-element-8bf76ba e-transform elementor-hidden-mobile elementor-widget elementor-widget-image\" data-id=\"8bf76ba\" data-element_type=\"widget\" data-settings=\"{&quot;_transform_scale_effect&quot;:{&quot;unit&quot;:&quot;px&quot;,&quot;size&quot;:0.6,&quot;sizes&quot;:[]},&quot;_transform_scale_effect_tablet&quot;:{&quot;unit&quot;:&quot;px&quot;,&quot;size&quot;:&quot;&quot;,&quot;sizes&quot;:[]},&quot;_transform_scale_effect_mobile&quot;:{&quot;unit&quot;:&quot;px&quot;,&quot;size&quot;:&quot;&quot;,&quot;sizes&quot;:[]}}\" data-widget_type=\"image.default\">\n\t\t\t\t<div class=\"elementor-widget-container\">\n\t\t\t\t\t\t\t\t\t\t\t\t\t\t\t<img fetchpriority=\"high\" decoding=\"async\" width=\"673\" height=\"465\" src=\"https:\/\/terra-contact.fr\/wp-content\/uploads\/2026\/02\/arbredanse_8-2026_TERRA_CONTACT_IMPRO_2026-danse-france-pyrenees.png\" class=\"attachment-large size-large wp-image-7963\" alt=\"\" srcset=\"https:\/\/terra-contact.fr\/wp-content\/uploads\/2026\/02\/arbredanse_8-2026_TERRA_CONTACT_IMPRO_2026-danse-france-pyrenees.png 673w, https:\/\/terra-contact.fr\/wp-content\/uploads\/2026\/02\/arbredanse_8-2026_TERRA_CONTACT_IMPRO_2026-danse-france-pyrenees-300x207.png 300w\" sizes=\"(max-width: 673px) 100vw, 673px\" \/>\t\t\t\t\t\t\t\t\t\t\t\t\t\t\t<\/div>\n\t\t\t\t<\/div>\n\t\t\t\t\t<\/div>\n\t\t\t\t<\/div>\n\t\t<div class=\"elementor-element elementor-element-1a7974f e-transform e-flex e-con-boxed e-con e-parent\" data-id=\"1a7974f\" data-element_type=\"container\" data-settings=\"{&quot;_transform_scale_effect&quot;:{&quot;unit&quot;:&quot;px&quot;,&quot;size&quot;:&quot;&quot;,&quot;sizes&quot;:[]},&quot;_transform_scale_effect_tablet&quot;:{&quot;unit&quot;:&quot;px&quot;,&quot;size&quot;:&quot;&quot;,&quot;sizes&quot;:[]},&quot;_transform_scale_effect_mobile&quot;:{&quot;unit&quot;:&quot;px&quot;,&quot;size&quot;:&quot;&quot;,&quot;sizes&quot;:[]}}\">\n\t\t\t\t\t<div class=\"e-con-inner\">\n\t\t<div class=\"elementor-element elementor-element-ea4169c e-con-full e-flex e-con e-child\" data-id=\"ea4169c\" data-element_type=\"container\">\n\t\t\t\t<div class=\"elementor-element elementor-element-063683a elementor-widget__width-initial elementor-widget elementor-widget-image\" data-id=\"063683a\" data-element_type=\"widget\" data-widget_type=\"image.default\">\n\t\t\t\t<div class=\"elementor-widget-container\">\n\t\t\t\t\t\t\t\t\t\t\t\t\t\t\t<img decoding=\"async\" width=\"800\" height=\"802\" src=\"https:\/\/terra-contact.fr\/wp-content\/uploads\/2026\/02\/Photos_2026-Mix-Plancher-Web\u00a9-terra-contact-impro-festival.jpg\" class=\"attachment-large size-large wp-image-7848\" alt=\"\" srcset=\"https:\/\/terra-contact.fr\/wp-content\/uploads\/2026\/02\/Photos_2026-Mix-Plancher-Web\u00a9-terra-contact-impro-festival.jpg 800w, https:\/\/terra-contact.fr\/wp-content\/uploads\/2026\/02\/Photos_2026-Mix-Plancher-Web\u00a9-terra-contact-impro-festival-300x300.jpg 300w, https:\/\/terra-contact.fr\/wp-content\/uploads\/2026\/02\/Photos_2026-Mix-Plancher-Web\u00a9-terra-contact-impro-festival-150x150.jpg 150w, https:\/\/terra-contact.fr\/wp-content\/uploads\/2026\/02\/Photos_2026-Mix-Plancher-Web\u00a9-terra-contact-impro-festival-768x770.jpg 768w\" sizes=\"(max-width: 800px) 100vw, 800px\" \/>\t\t\t\t\t\t\t\t\t\t\t\t\t\t\t<\/div>\n\t\t\t\t<\/div>\n\t\t\t\t<\/div>\n\t\t<div class=\"elementor-element elementor-element-eb6e143 e-con-full e-flex e-con e-child\" data-id=\"eb6e143\" data-element_type=\"container\">\n\t\t\t\t<div class=\"elementor-element elementor-element-bc60179 elementor-hidden-mobile elementor-widget elementor-widget-text-editor\" data-id=\"bc60179\" data-element_type=\"widget\" data-widget_type=\"text-editor.default\">\n\t\t\t\t<div class=\"elementor-widget-container\">\n\t\t\t\t\t\t\t\t\t<h4><strong>The dance floor<\/strong><\/h4><p>This stay will take place on a large field in energy autonomy. A floating wooden floor of 100 m2 designed for the practice of Contact Impro, will welcome you to dance barefoot under the trees.<\/p><p>We will live this adventure in camping mode in a fairly wild place, a small eco-site nestled in the heart of the woods and scrubland, offering a view of both the sea and the Pyrenean peaks. A place that combines authentic charm and rustic simplicity.<\/p><p>We have high quality spring water, from the mountains.<\/p><p>You will have the opportunity to discover and\/or experience the calm, the light and the special atmosphere of the Mediterranean, as well as the power of the rocks and old oaks.<\/p><p class=\"p1\">It is an ideal place to recharge batteries and enjoy the wild beauty of nature.<\/p><p class=\"p1\">Located on the heights of the Pyr\u00e9n\u00e9es-Orientales, in Roussillon Conflent.<\/p>\t\t\t\t\t\t\t\t<\/div>\n\t\t\t\t<\/div>\n\t\t\t\t<div class=\"elementor-element elementor-element-28d498f elementor-hidden-desktop elementor-widget elementor-widget-text-editor\" data-id=\"28d498f\" data-element_type=\"widget\" data-widget_type=\"text-editor.default\">\n\t\t\t\t<div class=\"elementor-widget-container\">\n\t\t\t\t\t\t\t\t\t<h4><strong>The dance floor<\/strong><\/h4><p>This stay will take place on a large field in energy autonomy. A floating floor of 100 m2 designed for the practice of Contact Impro, will welcome you to dance barefoot under the trees.<\/p><p>We will live this adventure in camping mode in a fairly wild place, a small eco-site nestled in the heart of the woods and scrubland, offering a view of both the sea and the Pyrenean peaks. A place that combines authentic charm and rustic simplicity.<\/p><p>We have high quality spring water, from the mountains.<\/p><p>You will have the opportunity to discover and\/or experience the calm, the light and the special atmosphere of the Mediterranean, as well as the power of the rocks and old oaks.<\/p><p class=\"p1\">It is an ideal place to recharge batteries and enjoy the wild beauty of nature.<\/p><p class=\"p1\">Located on the heights of the Pyr\u00e9n\u00e9es-Orientales, in Roussillon Conflent.<\/p>\t\t\t\t\t\t\t\t<\/div>\n\t\t\t\t<\/div>\n\t\t\t\t<\/div>\n\t\t\t\t\t<\/div>\n\t\t\t\t<\/div>\n\t\t<div class=\"elementor-element elementor-element-9d41817 e-flex e-con-boxed e-con e-parent\" data-id=\"9d41817\" data-element_type=\"container\">\n\t\t\t\t\t<div class=\"e-con-inner\">\n\t\t<div class=\"elementor-element elementor-element-da464b9 e-con-full e-flex e-con e-child\" data-id=\"da464b9\" data-element_type=\"container\">\n\t\t\t\t<div class=\"elementor-element elementor-element-1fcad8b elementor-widget__width-initial elementor-widget elementor-widget-image\" data-id=\"1fcad8b\" data-element_type=\"widget\" data-widget_type=\"image.default\">\n\t\t\t\t<div class=\"elementor-widget-container\">\n\t\t\t\t\t\t\t\t\t\t\t\t\t\t\t<img decoding=\"async\" width=\"1014\" height=\"1024\" src=\"https:\/\/terra-contact.fr\/wp-content\/uploads\/2026\/02\/lieu-2-terra-contact-impro-danse-1014x1024.jpg\" class=\"attachment-large size-large wp-image-7852\" alt=\"\" srcset=\"https:\/\/terra-contact.fr\/wp-content\/uploads\/2026\/02\/lieu-2-terra-contact-impro-danse-1014x1024.jpg 1014w, https:\/\/terra-contact.fr\/wp-content\/uploads\/2026\/02\/lieu-2-terra-contact-impro-danse-297x300.jpg 297w, https:\/\/terra-contact.fr\/wp-content\/uploads\/2026\/02\/lieu-2-terra-contact-impro-danse-150x150.jpg 150w, https:\/\/terra-contact.fr\/wp-content\/uploads\/2026\/02\/lieu-2-terra-contact-impro-danse-768x776.jpg 768w, https:\/\/terra-contact.fr\/wp-content\/uploads\/2026\/02\/lieu-2-terra-contact-impro-danse-1520x1536.jpg 1520w, https:\/\/terra-contact.fr\/wp-content\/uploads\/2026\/02\/lieu-2-terra-contact-impro-danse.jpg 2027w\" sizes=\"(max-width: 1014px) 100vw, 1014px\" \/>\t\t\t\t\t\t\t\t\t\t\t\t\t\t\t<\/div>\n\t\t\t\t<\/div>\n\t\t\t\t<\/div>\n\t\t<div class=\"elementor-element elementor-element-0d6eed9 e-con-full e-flex e-con e-child\" data-id=\"0d6eed9\" data-element_type=\"container\">\n\t\t\t\t<div class=\"elementor-element elementor-element-6c5afda elementor-hidden-desktop elementor-widget elementor-widget-text-editor\" data-id=\"6c5afda\" data-element_type=\"widget\" data-widget_type=\"text-editor.default\">\n\t\t\t\t<div class=\"elementor-widget-container\">\n\t\t\t\t\t\t\t\t\t<h3><strong>The surroundings<\/strong><\/h3><p>During the Festival, we will have moments of rest to enjoy\u2026<\/p><p>Your choice:<br \/>Swimming in beautiful rivers or at the beach, hiking, discovering the region, getting a massage from L\u00e9a, relaxing, etc\u2026<\/p><h4><strong><em>Nature around:<\/em><\/strong><\/h4><p>Walks on the paths below or in the heights with panoramic views of the mountains and the sea in the distance.<\/p><p>Magnificent starry skies at night<\/p><p>The rivers in the area to cool off (drive):<\/p><p>-Wooded, walking possible in shallow water, 10 min away<\/p><p>-With rocks and pools to soak in, 30 min away<\/p><p>-Emerald green water, wooded, for swimming, 30 min away<\/p><p>.<\/p><p><a href=\"https:\/\/www.clairesabattie.com\/\" target=\"_blank\" rel=\"noopener\">Photo credit: Claire Sabatti\u00e9<\/a><\/p>\t\t\t\t\t\t\t\t<\/div>\n\t\t\t\t<\/div>\n\t\t\t\t<div class=\"elementor-element elementor-element-1dff501 elementor-hidden-mobile elementor-widget elementor-widget-text-editor\" data-id=\"1dff501\" data-element_type=\"widget\" data-widget_type=\"text-editor.default\">\n\t\t\t\t<div class=\"elementor-widget-container\">\n\t\t\t\t\t\t\t\t\t<h4><strong>The surroundings<\/strong><\/h4><p>During the Festival, we will have moments of rest to enjoy\u2026<\/p><p>Your choice:<br \/>Swimming in beautiful rivers or at the beach, hiking, discovering the region, getting a massage from L\u00e9a, relaxing, etc\u2026<\/p><h5><strong><em>Nature around:<\/em><\/strong><\/h5><p>Walks on the paths below or in the heights with panoramic views of the mountains and the sea in the distance.<\/p><p>Magnificent starry skies at night<\/p><p>The rivers in the area to cool off (drive):<\/p><p>&#8211; Wooded, walking possible in shallow water, 10 min away<\/p><p>&#8211; With rocks and pools to soak in, 30 min away<\/p><p>&#8211; Emerald green water, wooded, for swimming, 30 min away.<\/p><p><strong>The sea:<\/strong><\/p><p>The large beaches and cliffs (Canet &#8211; Le Barcares &#8211; La Franqui &#8211; Argel\u00e8s &#8211; Collioure, etc.)<\/p><p>The rocky coastline, coves, and small beaches between Argel\u00e8s and Spain (By car &#8211; otherwise most are accessible by train and bus).<\/p><p>.<\/p><p>Photo credit: Claire Sabatti\u00e9<\/p>\t\t\t\t\t\t\t\t<\/div>\n\t\t\t\t<\/div>\n\t\t\t\t<\/div>\n\t\t\t\t\t<\/div>\n\t\t\t\t<\/div>\n\t\t<div class=\"elementor-element elementor-element-01782bf e-flex e-con-boxed e-con e-parent\" data-id=\"01782bf\" data-element_type=\"container\">\n\t\t\t\t\t<div class=\"e-con-inner\">\n\t\t<div class=\"elementor-element elementor-element-060927c e-con-full e-flex e-con e-child\" data-id=\"060927c\" data-element_type=\"container\">\n\t\t\t\t<div class=\"elementor-element elementor-element-3843acb elementor-widget elementor-widget-image\" data-id=\"3843acb\" data-element_type=\"widget\" data-widget_type=\"image.default\">\n\t\t\t\t<div class=\"elementor-widget-container\">\n\t\t\t\t\t\t\t\t\t\t\t\t\t\t\t<img loading=\"lazy\" decoding=\"async\" width=\"202\" height=\"243\" src=\"https:\/\/terra-contact.fr\/wp-content\/uploads\/2026\/02\/ciste_200_terra-contact_2026_danse_france_pyrenees-orientales_gaudeau_nature_sauvage-wild.png\" class=\"attachment-large size-large wp-image-7418\" alt=\"\" \/>\t\t\t\t\t\t\t\t\t\t\t\t\t\t\t<\/div>\n\t\t\t\t<\/div>\n\t\t\t\t<\/div>\n\t\t<div class=\"elementor-element elementor-element-17af71e e-con-full e-flex e-con e-child\" data-id=\"17af71e\" data-element_type=\"container\">\n\t\t\t\t<\/div>\n\t\t\t\t\t<\/div>\n\t\t\t\t<\/div>\n\t\t\t\t<\/div>\n\t\t","protected":false},"excerpt":{"rendered":"<p>Le parquet de danse Un parquet flottant de 100 m2 imagin\u00e9 pour la pratique du Contact Impro, vous accueillera pour danser pieds nus sous les arbres. Nous vivrons cette aventure en mode camping dans un endroit assez sauvage, un petit \u00e9co-site nich\u00e9 au c\u0153ur des bois et du maquis, offrant une vue \u00e0 la fois [&hellip;]<\/p>\n","protected":false},"author":1,"featured_media":0,"parent":0,"menu_order":0,"comment_status":"closed","ping_status":"closed","template":"","meta":{"site-sidebar-layout":"no-sidebar","site-content-layout":"page-builder","ast-site-content-layout":"full-width-container","site-content-style":"unboxed","site-sidebar-style":"unboxed","ast-global-header-display":"","ast-banner-title-visibility":"","ast-main-header-display":"","ast-hfb-above-header-display":"","ast-hfb-below-header-display":"","ast-hfb-mobile-header-display":"","site-post-title":"disabled","ast-breadcrumbs-content":"","ast-featured-img":"disabled","footer-sml-layout":"","theme-transparent-header-meta":"","adv-header-id-meta":"","stick-header-meta":"","header-above-stick-meta":"","header-main-stick-meta":"","header-below-stick-meta":"","astra-migrate-meta-layouts":"set","ast-page-background-enabled":"default","ast-page-background-meta":{"desktop":{"background-color":"var(--ast-global-color-4)","background-image":"","background-repeat":"repeat","background-position":"center center","background-size":"auto","background-attachment":"scroll","background-type":"","background-media":"","overlay-type":"","overlay-color":"","overlay-opacity":"","overlay-gradient":""},"tablet":{"background-color":"","background-image":"","background-repeat":"repeat","background-position":"center center","background-size":"auto","background-attachment":"scroll","background-type":"","background-media":"","overlay-type":"","overlay-color":"","overlay-opacity":"","overlay-gradient":""},"mobile":{"background-color":"","background-image":"","background-repeat":"repeat","background-position":"center center","background-size":"auto","background-attachment":"scroll","background-type":"","background-media":"","overlay-type":"","overlay-color":"","overlay-opacity":"","overlay-gradient":""}},"ast-content-background-meta":{"desktop":{"background-color":"var(--ast-global-color-5)","background-image":"","background-repeat":"repeat","background-position":"center center","background-size":"auto","background-attachment":"scroll","background-type":"","background-media":"","overlay-type":"","overlay-color":"","overlay-opacity":"","overlay-gradient":""},"tablet":{"background-color":"var(--ast-global-color-5)","background-image":"","background-repeat":"repeat","background-position":"center center","background-size":"auto","background-attachment":"scroll","background-type":"","background-media":"","overlay-type":"","overlay-color":"","overlay-opacity":"","overlay-gradient":""},"mobile":{"background-color":"var(--ast-global-color-5)","background-image":"","background-repeat":"repeat","background-position":"center center","background-size":"auto","background-attachment":"scroll","background-type":"","background-media":"","overlay-type":"","overlay-color":"","overlay-opacity":"","overlay-gradient":""}},"footnotes":""},"class_list":["post-2273","page","type-page","status-publish","hentry"],"_links":{"self":[{"href":"https:\/\/terra-contact.fr\/en\/wp-json\/wp\/v2\/pages\/2273","targetHints":{"allow":["GET"]}}],"collection":[{"href":"https:\/\/terra-contact.fr\/en\/wp-json\/wp\/v2\/pages"}],"about":[{"href":"https:\/\/terra-contact.fr\/en\/wp-json\/wp\/v2\/types\/page"}],"author":[{"embeddable":true,"href":"https:\/\/terra-contact.fr\/en\/wp-json\/wp\/v2\/users\/1"}],"replies":[{"embeddable":true,"href":"https:\/\/terra-contact.fr\/en\/wp-json\/wp\/v2\/comments?post=2273"}],"version-history":[{"count":141,"href":"https:\/\/terra-contact.fr\/en\/wp-json\/wp\/v2\/pages\/2273\/revisions"}],"predecessor-version":[{"id":9563,"href":"https:\/\/terra-contact.fr\/en\/wp-json\/wp\/v2\/pages\/2273\/revisions\/9563"}],"wp:attachment":[{"href":"https:\/\/terra-contact.fr\/en\/wp-json\/wp\/v2\/media?parent=2273"}],"curies":[{"name":"wp","href":"https:\/\/api.w.org\/{rel}","templated":true}]}}