{"id":6978,"date":"2025-06-22T20:51:59","date_gmt":"2025-06-22T18:51:59","guid":{"rendered":"https:\/\/terra-contact.fr\/?page_id=6978"},"modified":"2026-03-19T21:34:22","modified_gmt":"2026-03-19T20:34:22","slug":"semaine-2","status":"publish","type":"page","link":"https:\/\/terra-contact.fr\/ca\/semaine-2\/","title":{"rendered":"semaine-2"},"content":{"rendered":"\t\t<div data-elementor-type=\"wp-page\" data-elementor-id=\"6978\" class=\"elementor elementor-6978\">\n\t\t\t\t<div class=\"elementor-element elementor-element-181229bf e-flex e-con-boxed e-con e-parent\" data-id=\"181229bf\" data-element_type=\"container\" data-settings=\"{&quot;background_background&quot;:&quot;classic&quot;}\">\n\t\t\t\t\t<div class=\"e-con-inner\">\n\t\t<div class=\"elementor-element elementor-element-15d11761 e-con-full e-flex e-con e-child\" data-id=\"15d11761\" data-element_type=\"container\">\n\t\t\t\t<div class=\"elementor-element elementor-element-2a60929d e-transform elementor-hidden-mobile elementor-widget elementor-widget-text-editor\" data-id=\"2a60929d\" data-element_type=\"widget\" data-settings=\"{&quot;_transform_scale_effect&quot;:{&quot;unit&quot;:&quot;px&quot;,&quot;size&quot;:1.2,&quot;sizes&quot;:[]},&quot;_transform_scale_effect_tablet&quot;:{&quot;unit&quot;:&quot;px&quot;,&quot;size&quot;:&quot;&quot;,&quot;sizes&quot;:[]},&quot;_transform_scale_effect_mobile&quot;:{&quot;unit&quot;:&quot;px&quot;,&quot;size&quot;:&quot;&quot;,&quot;sizes&quot;:[]}}\" data-widget_type=\"text-editor.default\">\n\t\t\t\t<div class=\"elementor-widget-container\">\n\t\t\t\t\t\t\t\t\t<h5><strong>Segona setmana del 17 al 23 d&#8217;agost de 2026<\/strong><br \/><strong>Amb Matthieu Gaudeau<\/strong><\/h5>\t\t\t\t\t\t\t\t<\/div>\n\t\t\t\t<\/div>\n\t\t\t\t<\/div>\n\t\t<div class=\"elementor-element elementor-element-2e7dbe45 e-con-full e-flex e-con e-child\" data-id=\"2e7dbe45\" data-element_type=\"container\">\n\t\t\t\t<div class=\"elementor-element elementor-element-3dd26fc elementor-widget__width-initial e-transform elementor-hidden-mobile elementor-widget elementor-widget-image\" data-id=\"3dd26fc\" data-element_type=\"widget\" data-settings=\"{&quot;_transform_scale_effect&quot;:{&quot;unit&quot;:&quot;px&quot;,&quot;size&quot;:0.8,&quot;sizes&quot;:[]},&quot;_transform_scale_effect_tablet&quot;:{&quot;unit&quot;:&quot;px&quot;,&quot;size&quot;:&quot;&quot;,&quot;sizes&quot;:[]},&quot;_transform_scale_effect_mobile&quot;:{&quot;unit&quot;:&quot;px&quot;,&quot;size&quot;:&quot;&quot;,&quot;sizes&quot;:[]}}\" data-widget_type=\"image.default\">\n\t\t\t\t<div class=\"elementor-widget-container\">\n\t\t\t\t\t\t\t\t\t\t\t\t\t\t\t<img decoding=\"async\" width=\"202\" height=\"243\" src=\"https:\/\/terra-contact.fr\/wp-content\/uploads\/2026\/02\/ciste_200_terra-contact_2026_danse_france_pyrenees-orientales_gaudeau_nature_sauvage-wild.png\" class=\"attachment-medium size-medium wp-image-7418\" alt=\"\" \/>\t\t\t\t\t\t\t\t\t\t\t\t\t\t\t<\/div>\n\t\t\t\t<\/div>\n\t\t\t\t<\/div>\n\t\t<div class=\"elementor-element elementor-element-2c4d099b e-con-full e-flex e-con e-child\" data-id=\"2c4d099b\" data-element_type=\"container\">\n\t\t\t\t<div class=\"elementor-element elementor-element-3e22dbbb elementor-widget elementor-widget-image\" data-id=\"3e22dbbb\" data-element_type=\"widget\" data-widget_type=\"image.default\">\n\t\t\t\t<div class=\"elementor-widget-container\">\n\t\t\t\t\t\t\t\t\t\t\t\t\t\t\t<img fetchpriority=\"high\" decoding=\"async\" width=\"533\" height=\"800\" src=\"https:\/\/terra-contact.fr\/wp-content\/uploads\/2025\/01\/semaine2-mat-terra-contact-impro.jpg\" class=\"attachment-large size-large wp-image-4329\" alt=\"\" srcset=\"https:\/\/terra-contact.fr\/wp-content\/uploads\/2025\/01\/semaine2-mat-terra-contact-impro.jpg 533w, https:\/\/terra-contact.fr\/wp-content\/uploads\/2025\/01\/semaine2-mat-terra-contact-impro-200x300.jpg 200w\" sizes=\"(max-width: 533px) 100vw, 533px\" \/>\t\t\t\t\t\t\t\t\t\t\t\t\t\t\t<\/div>\n\t\t\t\t<\/div>\n\t\t\t\t<div class=\"elementor-element elementor-element-8f7cbf6 elementor-hidden-tablet elementor-hidden-mobile elementor-widget elementor-widget-image\" data-id=\"8f7cbf6\" data-element_type=\"widget\" data-widget_type=\"image.default\">\n\t\t\t\t<div class=\"elementor-widget-container\">\n\t\t\t\t\t\t\t\t\t\t\t\t\t\t\t<img decoding=\"async\" width=\"363\" height=\"737\" src=\"https:\/\/terra-contact.fr\/wp-content\/uploads\/2026\/02\/danseu_renard_terra-contact_2026_danse_france_pyrenees-orientales_gaudeau_nature_sauvage-wild.png\" class=\"attachment-large size-large wp-image-7400\" alt=\"\" srcset=\"https:\/\/terra-contact.fr\/wp-content\/uploads\/2026\/02\/danseu_renard_terra-contact_2026_danse_france_pyrenees-orientales_gaudeau_nature_sauvage-wild.png 363w, https:\/\/terra-contact.fr\/wp-content\/uploads\/2026\/02\/danseu_renard_terra-contact_2026_danse_france_pyrenees-orientales_gaudeau_nature_sauvage-wild-148x300.png 148w\" sizes=\"(max-width: 363px) 100vw, 363px\" \/>\t\t\t\t\t\t\t\t\t\t\t\t\t\t\t<\/div>\n\t\t\t\t<\/div>\n\t\t\t\t<\/div>\n\t\t<div class=\"elementor-element elementor-element-3f34dfc6 e-con-full e-flex e-con e-child\" data-id=\"3f34dfc6\" data-element_type=\"container\">\n\t\t\t\t<div class=\"elementor-element elementor-element-7c0556a0 elementor-hidden-desktop elementor-widget elementor-widget-text-editor\" data-id=\"7c0556a0\" data-element_type=\"widget\" data-widget_type=\"text-editor.default\">\n\t\t\t\t<div class=\"elementor-widget-container\">\n\t\t\t\t\t\t\t\t\t<h4 class=\"p1\"><strong>FICCIONS ANIMALS<\/strong><\/h4><h6>(Tornar a l\u2019instint)<\/h6><p class=\"p1\"><strong>Matthieu Gaudeau ser\u00e0 l\u2019\u00fanic instructor aquesta setmana.<\/strong><\/p><p class=\"p1\">Matthieu Gaudeau ser\u00e0 l&#8217;\u00fanic instructor aquesta setmana.<\/p><p class=\"p1\">Veure el programa detallat de la setmana<\/p><p class=\"p1\">&#8220;La relaci\u00f3 \u00e9s l&#8217;agent vinculant del no encara&#8221; \u2014 Erin Manning<\/p><p class=\"p1\">Sempre m&#8217;han inspirat les primeres exploracions en Contacte Improvisaci\u00f3 I en particular els &#8220;escalfaments&#8221;. Segons Steve Paxton, aquestes eren essencialment &#8220;la petita dansa&#8221;, \u00e9s a dir, estar quiet i &#8220;observar&#8221; els microajustaments inherents a la postura vertical, <strong>com a preparaci\u00f3 essencial per a l&#8217;inesperat, per a la improvisaci\u00f3.<\/strong><\/p><p class=\"p1\">Desenvolupar una connexi\u00f3 amb l&#8217;entorn que permeti relacionar-s&#8217;hi millor.<\/p><p class=\"p1\">H. Godard ens ofereix una altra imatge, la \u201cd&#8217;un conill que olora l&#8217;espai circumdant, amb el cap susp\u00e8s en la posici\u00f3 que millor capta les olors, els sons, les forms i els moviments del seu entorn&#8221;. <strong>Aquesta intel\u00b7lig\u00e8ncia no resideix ni en l&#8217;animal ni en l&#8217;entorn. Sorgeix en el seu acoblament, en la relaci\u00f3 que els constitueix m\u00fatuament.<\/strong><\/p><p class=\"p1\">        <div class=\"rmwr-wrapper\" \n             data-id=\"rmwr-69ef9c9eae406\"\n             data-mode=\"normal\"\n             data-animation=\"fade\"\n             data-duration=\"300\"\n             data-smooth-scroll=\"true\"\n             data-scroll-offset=\"0\">\n            <button \n                type=\"button\"\n                class=\"read-link\" \n                id=\"readlinkrmwr-69ef9c9eae406\"\n                data-open-text=\"Lire plus\"\n                data-close-text=\"Lire moins\"\n                aria-expanded=\"false\"\n                aria-controls=\"readrmwr-69ef9c9eae406\"\n                aria-label=\"Lire plus\"\n            >\n                <span class=\"rmwr-text\">Lire plus<\/span>\n            <\/button>\n            <div \n                class=\"read_div\" \n                id=\"readrmwr-69ef9c9eae406\"\n                aria-hidden=\"true\"\n                data-animation=\"fade\"\n                data-duration=\"300\"\n                style=\"display: none;\"\n            >\n                <\/p><p class=\"p1\">&#8220;Els \u00e9ssers vius nom\u00e9s senten per tal de perseguir el seu moviment dirigit i nom\u00e9s es mouen per sentir millor&#8221; (Barbaras). Aquest bucle recursiu delinea un territori on l&#8217;instint esdev\u00e9 intel\u00b7lig\u00e8ncia situacional: una precisi\u00f3 que sorgeix de la mateixa interacci\u00f3 entre sentir i moure&#8217;s, essent el repartiment del pes el seu component essencial (no puc trobar el m\u00f3n sense caure, encara que nom\u00e9s sigui per uns quants grams). <br \/><strong>Aquest instint \u2014o haur\u00edem de dir aquest afecte?<\/strong>\u2014 \u00e9s qualsevol cosa menys un programa fixe.<\/p><p class=\"p1\">Com escriu Massumi sobre el joc animal: &#8220;La forma del gest es deforma m\u00e9s o menys subtilment sota la pressi\u00f3 de l&#8217;entusiasme del cos que l&#8217;impulsa&#8221;.<\/p><p class=\"p1\"><strong>L&#8217;instint \u00e9s aquest poder de variaci\u00f3, aquest &#8220;laboratori que proporciona formes vitals d&#8217;acci\u00f3&#8221; on es juga a la invenci\u00f3. El valor afegit a la vida significa un valor afegit de la inventiva.<\/strong><\/p><p class=\"p1\">El que finalment s&#8217;aprofundeix \u00e9s la possibilitat de romandre en aquesta &#8220;meravella de desfer\/refer&#8221; en l&#8217;acci\u00f3, de mantenir-se en un lloc d&#8217;emerg\u00e8ncia, on l&#8217;atenci\u00f3 funciona m\u00e9s com una modalitat d&#8217;afinaci\u00f3 que com un agent de modificaci\u00f3.<\/p><p class=\"p1\">Aix\u00f2 \u00e9s el que m&#8217;agradaria compartir i explorar en aquest taller: aquest territori canviant on l&#8217;instint no \u00e9s ni un programa gen\u00e8tic ni una adquisici\u00f3 cultural, sin\u00f3 un poder de variaci\u00f3 que emergeix en la pr\u00e0ctica mateixa.<\/p><p class=\"p1\">Matthieu Gaudeau<\/p><p class=\"p1\">Veure la primera setmana amb Alice Dutreuil-Nouchimowitz<\/p><p>            <\/div>\n        <\/div>\n        <\/p><p><a href=\"https:\/\/terra-contact.fr\/ca\/semaine-1\/\">Veure la primera setmana amb Alice Dutreuil-Nouchimowitz<\/a><\/p>\t\t\t\t\t\t\t\t<\/div>\n\t\t\t\t<\/div>\n\t\t\t\t<div class=\"elementor-element elementor-element-267a1103 elementor-hidden-mobile elementor-widget elementor-widget-text-editor\" data-id=\"267a1103\" data-element_type=\"widget\" data-widget_type=\"text-editor.default\">\n\t\t\t\t<div class=\"elementor-widget-container\">\n\t\t\t\t\t\t\t\t\t<h4 class=\"p1\"><strong>FICCIONS ANIMALS<\/strong><\/h4><h6>(Tornar a l\u2019instint)<\/h6><p class=\"p1\"><strong>Matthieu Gaudeau ser\u00e0 l&#8217;\u00fanic instructor aquesta setmana.<\/strong><\/p><p class=\"p1\"><strong><a href=\"#programme-matthieu-gaudeau\">Veure el programa detallat de la setmana<\/a><\/strong><\/p><p class=\"p1\">&#8220;La relaci\u00f3 \u00e9s l&#8217;agent vinculant del no encara&#8221; \u2014 Erin Manning<\/p><p class=\"p1\">Sempre m&#8217;han inspirat les primeres exploracions en Contacte Improvisaci\u00f3 I en particular els &#8220;escalfaments&#8221;. Segons Steve Paxton, aquestes eren essencialment &#8220;la petita dansa&#8221;, \u00e9s a dir, estar quiet i &#8220;observar&#8221; els microajustaments inherents a la postura vertical, <strong>com a preparaci\u00f3 essencial per a l&#8217;inesperat, per a la improvisaci\u00f3.<\/strong><\/p><p class=\"p1\">Desenvolupar una connexi\u00f3 amb l&#8217;entorn que permeti relacionar-s&#8217;hi millor.<\/p><p class=\"p1\">H. Godard ens ofereix una altra imatge, la \u201cd&#8217;un conill que olora l&#8217;espai circumdant, amb el cap susp\u00e8s en la posici\u00f3 que millor capta les olors, els sons, les forms i els moviments del seu entorn&#8221;. <strong>Aquesta intel\u00b7lig\u00e8ncia no resideix ni en l&#8217;animal ni en l&#8217;entorn. Sorgeix en el seu acoblament, en la relaci\u00f3 que els constitueix m\u00fatuament.<\/strong><\/p><p class=\"p1\">&#8220;Els \u00e9ssers vius nom\u00e9s senten per tal de perseguir el seu moviment dirigit i nom\u00e9s es mouen per sentir millor&#8221; (Barbaras). Aquest bucle recursiu delinea un territori on l&#8217;instint esdev\u00e9 intel\u00b7lig\u00e8ncia situacional: una precisi\u00f3 que sorgeix de la mateixa interacci\u00f3 entre sentir i moure&#8217;s, essent el repartiment del pes el seu component essencial (no puc trobar el m\u00f3n sense caure, encara que nom\u00e9s sigui per uns quants grams). <br \/><strong>Aquest instint \u2014o haur\u00edem de dir aquest afecte?<\/strong>\u2014 \u00e9s qualsevol cosa menys un programa fixe.<\/p><p class=\"p1\">Com escriu Massumi sobre el joc animal: &#8220;La forma del gest es deforma m\u00e9s o menys subtilment sota la pressi\u00f3 de l&#8217;entusiasme del cos que l&#8217;impulsa&#8221;.<\/p><p class=\"p1\"><strong>L&#8217;instint \u00e9s aquest poder de variaci\u00f3, aquest &#8220;laboratori que proporciona formes vitals d&#8217;acci\u00f3&#8221; on es juga a la invenci\u00f3. El valor afegit a la vida significa un valor afegit de la inventiva.<\/strong><\/p><p class=\"p1\">El que finalment s&#8217;aprofundeix \u00e9s la possibilitat de romandre en aquesta &#8220;meravella de desfer\/refer&#8221; en l&#8217;acci\u00f3, de mantenir-se en un lloc d&#8217;emerg\u00e8ncia, on l&#8217;atenci\u00f3 funciona m\u00e9s com una modalitat d&#8217;afinaci\u00f3 que com un agent de modificaci\u00f3.<\/p><p class=\"p1\">Aix\u00f2 \u00e9s el que m&#8217;agradaria compartir i explorar en aquest taller: aquest territori canviant on l&#8217;instint no \u00e9s ni un programa gen\u00e8tic ni una adquisici\u00f3 cultural, sin\u00f3 un poder de variaci\u00f3 que emergeix en la pr\u00e0ctica mateixa.<\/p><p class=\"p1\">Matthieu Gaudeau<\/p><p class=\"p1\"><a href=\"https:\/\/terra-contact.fr\/ca\/semaine-1\/\"><strong>Veure la primera setmana amb Alice Dutreuil-Nouchimowitz<\/strong><\/a><\/p>\t\t\t\t\t\t\t\t<\/div>\n\t\t\t\t<\/div>\n\t\t\t\t<\/div>\n\t\t\t\t\t<\/div>\n\t\t\t\t<\/div>\n\t\t<div class=\"elementor-element elementor-element-3cf0807 e-flex e-con-boxed e-con e-parent\" data-id=\"3cf0807\" data-element_type=\"container\">\n\t\t\t\t\t<div class=\"e-con-inner\">\n\t\t\t\t<div class=\"elementor-element elementor-element-83d2b17 elementor-widget elementor-widget-menu-anchor\" data-id=\"83d2b17\" data-element_type=\"widget\" data-widget_type=\"menu-anchor.default\">\n\t\t\t\t<div class=\"elementor-widget-container\">\n\t\t\t\t\t\t\t<div class=\"elementor-menu-anchor\" id=\"programme-matthieu-gaudeau\"><\/div>\n\t\t\t\t\t\t<\/div>\n\t\t\t\t<\/div>\n\t\t\t\t<div class=\"elementor-element elementor-element-6d16a10 elementor-widget elementor-widget-image\" data-id=\"6d16a10\" data-element_type=\"widget\" data-widget_type=\"image.default\">\n\t\t\t\t<div class=\"elementor-widget-container\">\n\t\t\t\t\t\t\t\t\t\t\t\t\t\t\t\t<a href=\"http:\/\/terra-contact.fr\/wp-content\/uploads\/2026\/02\/planning-semaine-2-medium-terra-contact_2026_danse_france_pyrenees-orientales_gaudeau_nature_sauvage-wild.png\" data-elementor-open-lightbox=\"yes\" data-e-action-hash=\"#elementor-action%3Aaction%3Dlightbox%26settings%3DeyJpZCI6NzY4MywidXJsIjpmYWxzZX0%3D\">\n\t\t\t\t\t\t\t<img decoding=\"async\" src=\"http:\/\/terra-contact.fr\/wp-content\/uploads\/2026\/02\/planning-semaine-2-medium-terra-contact_2026_danse_france_pyrenees-orientales_gaudeau_nature_sauvage-wild.png\" title=\"\" alt=\"\" loading=\"lazy\" \/>\t\t\t\t\t\t\t\t<\/a>\n\t\t\t\t\t\t\t\t\t\t\t\t\t\t\t<\/div>\n\t\t\t\t<\/div>\n\t\t\t\t\t<\/div>\n\t\t\t\t<\/div>\n\t\t<div class=\"elementor-element elementor-element-206d272 e-flex e-con-boxed e-con e-parent\" data-id=\"206d272\" data-element_type=\"container\">\n\t\t\t\t\t<div class=\"e-con-inner\">\n\t\t\t\t<div class=\"elementor-element elementor-element-40fd958 elementor-widget-divider--view-line elementor-widget elementor-widget-divider\" data-id=\"40fd958\" data-element_type=\"widget\" data-widget_type=\"divider.default\">\n\t\t\t\t<div class=\"elementor-widget-container\">\n\t\t\t\t\t\t\t<div class=\"elementor-divider\">\n\t\t\t<span class=\"elementor-divider-separator\">\n\t\t\t\t\t\t<\/span>\n\t\t<\/div>\n\t\t\t\t\t\t<\/div>\n\t\t\t\t<\/div>\n\t\t\t\t\t<\/div>\n\t\t\t\t<\/div>\n\t\t<div class=\"elementor-element elementor-element-dac2122 e-flex e-con-boxed e-con e-parent\" data-id=\"dac2122\" data-element_type=\"container\">\n\t\t\t\t\t<div class=\"e-con-inner\">\n\t\t\t\t<div class=\"elementor-element elementor-element-bf9a997 elementor-widget elementor-widget-image\" data-id=\"bf9a997\" data-element_type=\"widget\" data-widget_type=\"image.default\">\n\t\t\t\t<div class=\"elementor-widget-container\">\n\t\t\t\t\t\t\t\t\t\t\t\t\t\t\t<img loading=\"lazy\" decoding=\"async\" width=\"1000\" height=\"707\" src=\"https:\/\/terra-contact.fr\/wp-content\/uploads\/2026\/02\/15_planning-semaine-1-medium-terra-contact_2026_danse_france_pyrenees-orientale_Alice_matthieu-Gaudeau_nature_sauvage-wild.png\" class=\"attachment-large size-large wp-image-8369\" alt=\"\" srcset=\"https:\/\/terra-contact.fr\/wp-content\/uploads\/2026\/02\/15_planning-semaine-1-medium-terra-contact_2026_danse_france_pyrenees-orientale_Alice_matthieu-Gaudeau_nature_sauvage-wild.png 1000w, https:\/\/terra-contact.fr\/wp-content\/uploads\/2026\/02\/15_planning-semaine-1-medium-terra-contact_2026_danse_france_pyrenees-orientale_Alice_matthieu-Gaudeau_nature_sauvage-wild-300x212.png 300w, https:\/\/terra-contact.fr\/wp-content\/uploads\/2026\/02\/15_planning-semaine-1-medium-terra-contact_2026_danse_france_pyrenees-orientale_Alice_matthieu-Gaudeau_nature_sauvage-wild-768x543.png 768w\" sizes=\"(max-width: 1000px) 100vw, 1000px\" \/>\t\t\t\t\t\t\t\t\t\t\t\t\t\t\t<\/div>\n\t\t\t\t<\/div>\n\t\t\t\t\t<\/div>\n\t\t\t\t<\/div>\n\t\t\t\t<\/div>\n\t\t","protected":false},"excerpt":{"rendered":"<p>Deuxi\u00e8me semaine du 17 au 23 Ao\u00fbt 2026Avec Matthieu Gaudeau Deuxi\u00e8me semaine du 17 au 23 Ao\u00fbt 2026Avec Matthieu Gaudeau Fictions animales Retour \u00e0 l&#8217;instinct Voir le programme d\u00e9taill\u00e9 de la semaine Matthieu Gaudeau sera l\u2019unique intervenant durant cette semaine. &#8220;Relationship is the binding agent of not yet&#8221; \u2014 Erin Manning \u00a0 \u00a0J&#8217;ai toujours \u00e9t\u00e9 [&hellip;]<\/p>\n","protected":false},"author":1,"featured_media":0,"parent":0,"menu_order":0,"comment_status":"closed","ping_status":"closed","template":"","meta":{"site-sidebar-layout":"no-sidebar","site-content-layout":"page-builder","ast-site-content-layout":"full-width-container","site-content-style":"default","site-sidebar-style":"default","ast-global-header-display":"","ast-banner-title-visibility":"","ast-main-header-display":"","ast-hfb-above-header-display":"","ast-hfb-below-header-display":"","ast-hfb-mobile-header-display":"","site-post-title":"disabled","ast-breadcrumbs-content":"","ast-featured-img":"disabled","footer-sml-layout":"","theme-transparent-header-meta":"","adv-header-id-meta":"","stick-header-meta":"","header-above-stick-meta":"","header-main-stick-meta":"","header-below-stick-meta":"","astra-migrate-meta-layouts":"set","ast-page-background-enabled":"default","ast-page-background-meta":{"desktop":{"background-color":"var(--ast-global-color-4)","background-image":"","background-repeat":"repeat","background-position":"center center","background-size":"auto","background-attachment":"scroll","background-type":"","background-media":"","overlay-type":"","overlay-color":"","overlay-opacity":"","overlay-gradient":""},"tablet":{"background-color":"","background-image":"","background-repeat":"repeat","background-position":"center center","background-size":"auto","background-attachment":"scroll","background-type":"","background-media":"","overlay-type":"","overlay-color":"","overlay-opacity":"","overlay-gradient":""},"mobile":{"background-color":"","background-image":"","background-repeat":"repeat","background-position":"center center","background-size":"auto","background-attachment":"scroll","background-type":"","background-media":"","overlay-type":"","overlay-color":"","overlay-opacity":"","overlay-gradient":""}},"ast-content-background-meta":{"desktop":{"background-color":"var(--ast-global-color-5)","background-image":"","background-repeat":"repeat","background-position":"center center","background-size":"auto","background-attachment":"scroll","background-type":"","background-media":"","overlay-type":"","overlay-color":"","overlay-opacity":"","overlay-gradient":""},"tablet":{"background-color":"var(--ast-global-color-5)","background-image":"","background-repeat":"repeat","background-position":"center center","background-size":"auto","background-attachment":"scroll","background-type":"","background-media":"","overlay-type":"","overlay-color":"","overlay-opacity":"","overlay-gradient":""},"mobile":{"background-color":"var(--ast-global-color-5)","background-image":"","background-repeat":"repeat","background-position":"center center","background-size":"auto","background-attachment":"scroll","background-type":"","background-media":"","overlay-type":"","overlay-color":"","overlay-opacity":"","overlay-gradient":""}},"footnotes":""},"class_list":["post-6978","page","type-page","status-publish","hentry"],"_links":{"self":[{"href":"https:\/\/terra-contact.fr\/ca\/wp-json\/wp\/v2\/pages\/6978","targetHints":{"allow":["GET"]}}],"collection":[{"href":"https:\/\/terra-contact.fr\/ca\/wp-json\/wp\/v2\/pages"}],"about":[{"href":"https:\/\/terra-contact.fr\/ca\/wp-json\/wp\/v2\/types\/page"}],"author":[{"embeddable":true,"href":"https:\/\/terra-contact.fr\/ca\/wp-json\/wp\/v2\/users\/1"}],"replies":[{"embeddable":true,"href":"https:\/\/terra-contact.fr\/ca\/wp-json\/wp\/v2\/comments?post=6978"}],"version-history":[{"count":240,"href":"https:\/\/terra-contact.fr\/ca\/wp-json\/wp\/v2\/pages\/6978\/revisions"}],"predecessor-version":[{"id":9566,"href":"https:\/\/terra-contact.fr\/ca\/wp-json\/wp\/v2\/pages\/6978\/revisions\/9566"}],"wp:attachment":[{"href":"https:\/\/terra-contact.fr\/ca\/wp-json\/wp\/v2\/media?parent=6978"}],"curies":[{"name":"wp","href":"https:\/\/api.w.org\/{rel}","templated":true}]}}