{"id":5317,"date":"2025-01-27T18:31:11","date_gmt":"2025-01-27T17:31:11","guid":{"rendered":"https:\/\/terra-contact.fr\/?page_id=5317"},"modified":"2026-03-20T15:07:35","modified_gmt":"2026-03-20T14:07:35","slug":"contact","status":"publish","type":"page","link":"https:\/\/terra-contact.fr\/ca\/contact\/","title":{"rendered":"Inscription-contact"},"content":{"rendered":"\t\t<div data-elementor-type=\"wp-page\" data-elementor-id=\"5317\" class=\"elementor elementor-5317\">\n\t\t\t\t<div class=\"elementor-element elementor-element-8e85439 e-flex e-con-boxed e-con e-parent\" data-id=\"8e85439\" data-element_type=\"container\">\n\t\t\t\t\t<div class=\"e-con-inner\">\n\t\t<div class=\"elementor-element elementor-element-c4e9724 e-con-full e-flex e-con e-child\" data-id=\"c4e9724\" data-element_type=\"container\">\n\t\t\t\t<div class=\"elementor-element elementor-element-8a913dc elementor-widget__width-initial elementor-widget elementor-widget-text-editor\" data-id=\"8a913dc\" data-element_type=\"widget\" data-widget_type=\"text-editor.default\">\n\t\t\t\t<div class=\"elementor-widget-container\">\n\t\t\t\t\t\t\t\t\t<p data-start=\"543\" data-end=\"563\"><strong>Per inscriure\u2019s:<\/strong><\/p><p data-start=\"565\" data-end=\"622\"><strong>Gr\u00e0cies per efectuar el pagament de la paga i senyal:<\/strong><\/p><p data-start=\"624\" data-end=\"739\"><strong>(120 \u20ac\/setmana) al lloc web <a href=\"https:\/\/www.helloasso.com\/associations\/terra-contact\/boutiques\/terra-2026\/\" target=\"_blank\" rel=\"noopener\">HelloAsso.<\/a><\/strong><br data-start=\"662\" data-end=\"665\" \/><em>(sou lliure de fer una donaci\u00f3 o no a HelloAsso en el moment del pagament)<\/em><\/p><p data-start=\"624\" data-end=\"739\"><strong>Trieu la vostra setmana (o totes dues) i feu el pagament.<\/strong><br data-start=\"485\" data-end=\"488\" \/><strong>Un cop efectuat el pagament, la vostra inscripci\u00f3 ser\u00e0 autom\u00e0ticament validada.<\/strong><\/p>\t\t\t\t\t\t\t\t<\/div>\n\t\t\t\t<\/div>\n\t\t\t\t<\/div>\n\t\t<div class=\"elementor-element elementor-element-2c4a2d6 e-con-full e-flex e-con e-child\" data-id=\"2c4a2d6\" data-element_type=\"container\">\n\t\t\t\t<div class=\"elementor-element elementor-element-5fa5909 e-transform elementor-widget elementor-widget-image\" data-id=\"5fa5909\" data-element_type=\"widget\" data-settings=\"{&quot;_transform_scale_effect&quot;:{&quot;unit&quot;:&quot;px&quot;,&quot;size&quot;:0.4,&quot;sizes&quot;:[]},&quot;_transform_scale_effect_tablet&quot;:{&quot;unit&quot;:&quot;px&quot;,&quot;size&quot;:&quot;&quot;,&quot;sizes&quot;:[]},&quot;_transform_scale_effect_mobile&quot;:{&quot;unit&quot;:&quot;px&quot;,&quot;size&quot;:&quot;&quot;,&quot;sizes&quot;:[]}}\" data-widget_type=\"image.default\">\n\t\t\t\t<div class=\"elementor-widget-container\">\n\t\t\t\t\t\t\t\t\t\t\t\t<figure class=\"wp-caption\">\n\t\t\t\t\t\t\t\t\t\t\t<a href=\"https:\/\/www.helloasso.com\/associations\/terra-contact\/boutiques\/terra-2026\" target=\"_blank\" rel=\"noopener\">\n\t\t\t\t\t\t\t<img fetchpriority=\"high\" decoding=\"async\" width=\"768\" height=\"384\" src=\"https:\/\/terra-contact.fr\/wp-content\/uploads\/2026\/03\/Helloasso-logo-768x384.png\" class=\"attachment-medium_large size-medium_large wp-image-9397\" alt=\"\" srcset=\"https:\/\/terra-contact.fr\/wp-content\/uploads\/2026\/03\/Helloasso-logo-768x384.png 768w, https:\/\/terra-contact.fr\/wp-content\/uploads\/2026\/03\/Helloasso-logo-300x150.png 300w, https:\/\/terra-contact.fr\/wp-content\/uploads\/2026\/03\/Helloasso-logo-1024x512.png 1024w, https:\/\/terra-contact.fr\/wp-content\/uploads\/2026\/03\/Helloasso-logo.png 1080w\" sizes=\"(max-width: 768px) 100vw, 768px\" \/>\t\t\t\t\t\t\t\t<\/a>\n\t\t\t\t\t\t\t\t\t\t\t<figcaption class=\"widget-image-caption wp-caption-text\">Paiement s\u00e9curis\u00e9 sur Helloasso<\/figcaption>\n\t\t\t\t\t\t\t\t\t\t<\/figure>\n\t\t\t\t\t\t\t\t\t<\/div>\n\t\t\t\t<\/div>\n\t\t\t\t<\/div>\n\t\t\t\t\t<\/div>\n\t\t\t\t<\/div>\n\t\t<div class=\"elementor-element elementor-element-5d8249b e-flex e-con-boxed e-con e-parent\" data-id=\"5d8249b\" data-element_type=\"container\">\n\t\t\t\t\t<div class=\"e-con-inner\">\n\t\t<div class=\"elementor-element elementor-element-bb82bff e-con-full e-flex e-con e-child\" data-id=\"bb82bff\" data-element_type=\"container\">\n\t\t\t\t<div class=\"elementor-element elementor-element-7107722 e-transform elementor-widget elementor-widget-image\" data-id=\"7107722\" data-element_type=\"widget\" data-settings=\"{&quot;_transform_scale_effect&quot;:{&quot;unit&quot;:&quot;px&quot;,&quot;size&quot;:0.5,&quot;sizes&quot;:[]},&quot;_transform_scale_effect_tablet&quot;:{&quot;unit&quot;:&quot;px&quot;,&quot;size&quot;:&quot;&quot;,&quot;sizes&quot;:[]},&quot;_transform_scale_effect_mobile&quot;:{&quot;unit&quot;:&quot;px&quot;,&quot;size&quot;:&quot;&quot;,&quot;sizes&quot;:[]}}\" data-widget_type=\"image.default\">\n\t\t\t\t<div class=\"elementor-widget-container\">\n\t\t\t\t\t\t\t\t\t\t\t\t\t\t\t<img decoding=\"async\" width=\"330\" height=\"287\" src=\"https:\/\/terra-contact.fr\/wp-content\/uploads\/2026\/02\/loriot-2-vers-gauche-Terra-contact_2026_danse_france_pyrenees-orientales_nature_sauvage-wild.png\" class=\"attachment-large size-large wp-image-7709\" alt=\"\" srcset=\"https:\/\/terra-contact.fr\/wp-content\/uploads\/2026\/02\/loriot-2-vers-gauche-Terra-contact_2026_danse_france_pyrenees-orientales_nature_sauvage-wild.png 330w, https:\/\/terra-contact.fr\/wp-content\/uploads\/2026\/02\/loriot-2-vers-gauche-Terra-contact_2026_danse_france_pyrenees-orientales_nature_sauvage-wild-300x261.png 300w\" sizes=\"(max-width: 330px) 100vw, 330px\" \/>\t\t\t\t\t\t\t\t\t\t\t\t\t\t\t<\/div>\n\t\t\t\t<\/div>\n\t\t\t\t<\/div>\n\t\t\t\t\t<\/div>\n\t\t\t\t<\/div>\n\t\t<div class=\"elementor-element elementor-element-fe88684 e-flex e-con-boxed e-con e-parent\" data-id=\"fe88684\" data-element_type=\"container\">\n\t\t\t\t\t<div class=\"e-con-inner\">\n\t\t<div class=\"elementor-element elementor-element-974836b e-con-full e-flex e-con e-child\" data-id=\"974836b\" data-element_type=\"container\">\n\t\t\t\t<div class=\"elementor-element elementor-element-0c1b260 elementor-widget elementor-widget-text-editor\" data-id=\"0c1b260\" data-element_type=\"widget\" data-widget_type=\"text-editor.default\">\n\t\t\t\t<div class=\"elementor-widget-container\">\n\t\t\t\t\t\t\t\t\t<p>Si teniu cap pregunta, escriviu-nos a:<\/p><p><a class=\"decorated-link cursor-pointer\" rel=\"noopener\" data-start=\"319\" data-end=\"340\">info@terra-contact.fr<\/a><\/p><p>O contacteu-nos a trav\u00e9s del formulari seg\u00fcent.<\/p>\t\t\t\t\t\t\t\t<\/div>\n\t\t\t\t<\/div>\n\t\t\t\t<\/div>\n\t\t\t\t\t<\/div>\n\t\t\t\t<\/div>\n\t\t<div class=\"elementor-element elementor-element-d55273c e-flex e-con-boxed e-con e-parent\" data-id=\"d55273c\" data-element_type=\"container\">\n\t\t\t\t\t<div class=\"e-con-inner\">\n\t\t\t\t\t<\/div>\n\t\t\t\t<\/div>\n\t\t<div class=\"elementor-element elementor-element-6f86e3f e-flex e-con-boxed e-con e-parent\" data-id=\"6f86e3f\" data-element_type=\"container\">\n\t\t\t\t\t<div class=\"e-con-inner\">\n\t\t\t\t<div class=\"elementor-element elementor-element-3e7d8e5 e-transform elementor-widget elementor-widget-text-editor\" data-id=\"3e7d8e5\" data-element_type=\"widget\" data-settings=\"{&quot;_transform_scale_effect_mobile&quot;:{&quot;unit&quot;:&quot;px&quot;,&quot;size&quot;:0.9,&quot;sizes&quot;:[]},&quot;_transform_scale_effect&quot;:{&quot;unit&quot;:&quot;px&quot;,&quot;size&quot;:&quot;&quot;,&quot;sizes&quot;:[]},&quot;_transform_scale_effect_tablet&quot;:{&quot;unit&quot;:&quot;px&quot;,&quot;size&quot;:&quot;&quot;,&quot;sizes&quot;:[]}}\" data-widget_type=\"text-editor.default\">\n\t\t\t\t<div class=\"elementor-widget-container\">\n\t\t\t\t\t\t\t\t\t\n<div class=\"wpcf7 no-js\" id=\"wpcf7-f6119-o1\" lang=\"fr-FR\" dir=\"ltr\" data-wpcf7-id=\"6119\">\n<div class=\"screen-reader-response\"><p role=\"status\" aria-live=\"polite\" aria-atomic=\"true\"><\/p> <ul><\/ul><\/div>\n<form action=\"\/ca\/wp-json\/wp\/v2\/pages\/5317#wpcf7-f6119-o1\" method=\"post\" class=\"wpcf7-form init\" aria-label=\"Formulaire de contact\" novalidate=\"novalidate\" data-status=\"init\">\n<fieldset class=\"hidden-fields-container\"><input type=\"hidden\" name=\"_wpcf7\" value=\"6119\" \/><input type=\"hidden\" name=\"_wpcf7_version\" value=\"6.1.4\" \/><input type=\"hidden\" name=\"_wpcf7_locale\" value=\"fr_FR\" \/><input type=\"hidden\" name=\"_wpcf7_unit_tag\" value=\"wpcf7-f6119-o1\" \/><input type=\"hidden\" name=\"_wpcf7_container_post\" value=\"0\" \/><input type=\"hidden\" name=\"_wpcf7_posted_data_hash\" value=\"\" \/>\n<\/fieldset>\n<p><label> El teu nom<br \/>\n<span class=\"wpcf7-form-control-wrap\" data-name=\"your-name\"><input size=\"40\" maxlength=\"400\" class=\"wpcf7-form-control wpcf7-text wpcf7-validates-as-required\" autocomplete=\"name\" aria-required=\"true\" aria-invalid=\"false\" value=\"\" type=\"text\" name=\"your-name\" \/><\/span> <\/label>\n<\/p>\n<p><label> El teu e-mail<br \/>\n<span class=\"wpcf7-form-control-wrap\" data-name=\"your-email\"><input size=\"40\" maxlength=\"400\" class=\"wpcf7-form-control wpcf7-email wpcf7-validates-as-required wpcf7-text wpcf7-validates-as-email\" autocomplete=\"email\" aria-required=\"true\" aria-invalid=\"false\" value=\"\" type=\"email\" name=\"your-email\" \/><\/span> <\/label>\n<\/p>\n<p><label> El teu missatge<br \/>\n<span class=\"wpcf7-form-control-wrap\" data-name=\"your-message\"><textarea cols=\"40\" rows=\"10\" maxlength=\"2000\" class=\"wpcf7-form-control wpcf7-textarea\" aria-invalid=\"false\" name=\"your-message\"><\/textarea><\/span> <\/label>\n<\/p>\n<p><input class=\"wpcf7-form-control wpcf7-submit has-spinner\" type=\"submit\" value=\"Enviar\" \/>\n<\/p><div class=\"wpcf7-response-output\" aria-hidden=\"true\"><\/div>\n<\/form>\n<\/div>\n\t\t\t\t\t\t\t\t<\/div>\n\t\t\t\t<\/div>\n\t\t\t\t<div class=\"elementor-element elementor-element-647c8f9 e-transform elementor-widget elementor-widget-image\" data-id=\"647c8f9\" data-element_type=\"widget\" data-settings=\"{&quot;_transform_scale_effect&quot;:{&quot;unit&quot;:&quot;px&quot;,&quot;size&quot;:0.5,&quot;sizes&quot;:[]},&quot;_transform_scale_effect_tablet&quot;:{&quot;unit&quot;:&quot;px&quot;,&quot;size&quot;:&quot;&quot;,&quot;sizes&quot;:[]},&quot;_transform_scale_effect_mobile&quot;:{&quot;unit&quot;:&quot;px&quot;,&quot;size&quot;:&quot;&quot;,&quot;sizes&quot;:[]}}\" data-widget_type=\"image.default\">\n\t\t\t\t<div class=\"elementor-widget-container\">\n\t\t\t\t\t\t\t\t\t\t\t\t\t\t\t<img decoding=\"async\" width=\"338\" height=\"209\" src=\"https:\/\/terra-contact.fr\/wp-content\/uploads\/2026\/02\/rouge-gorge-1.png\" class=\"attachment-large size-large wp-image-8090\" alt=\"\" srcset=\"https:\/\/terra-contact.fr\/wp-content\/uploads\/2026\/02\/rouge-gorge-1.png 338w, https:\/\/terra-contact.fr\/wp-content\/uploads\/2026\/02\/rouge-gorge-1-300x186.png 300w\" sizes=\"(max-width: 338px) 100vw, 338px\" \/>\t\t\t\t\t\t\t\t\t\t\t\t\t\t\t<\/div>\n\t\t\t\t<\/div>\n\t\t\t\t\t<\/div>\n\t\t\t\t<\/div>\n\t\t\t\t<\/div>\n\t\t","protected":false},"excerpt":{"rendered":"<p>Inscription :\u00a0 Pour vous inscrire, merci d&#8217;effectuer le paiement des arrhes : (120 \u20ac\/semaine) sur le site Helloasso.(vous \u00eates libre de faire un don ou pas \u00e0 Helloasso au moment du paiement) Choisissez votre semaine ( ou les deux ) et effectuez le paiement.Une fois le paiement effectu\u00e9, votre inscription sera automatiquement valid\u00e9e. Paiement s\u00e9curis\u00e9 [&hellip;]<\/p>\n","protected":false},"author":1,"featured_media":0,"parent":0,"menu_order":0,"comment_status":"closed","ping_status":"closed","template":"","meta":{"site-sidebar-layout":"no-sidebar","site-content-layout":"page-builder","ast-site-content-layout":"full-width-container","site-content-style":"default","site-sidebar-style":"default","ast-global-header-display":"","ast-banner-title-visibility":"","ast-main-header-display":"","ast-hfb-above-header-display":"","ast-hfb-below-header-display":"","ast-hfb-mobile-header-display":"","site-post-title":"disabled","ast-breadcrumbs-content":"","ast-featured-img":"disabled","footer-sml-layout":"","theme-transparent-header-meta":"","adv-header-id-meta":"","stick-header-meta":"","header-above-stick-meta":"","header-main-stick-meta":"","header-below-stick-meta":"","astra-migrate-meta-layouts":"set","ast-page-background-enabled":"default","ast-page-background-meta":{"desktop":{"background-color":"var(--ast-global-color-4)","background-image":"","background-repeat":"repeat","background-position":"center center","background-size":"auto","background-attachment":"scroll","background-type":"","background-media":"","overlay-type":"","overlay-color":"","overlay-opacity":"","overlay-gradient":""},"tablet":{"background-color":"","background-image":"","background-repeat":"repeat","background-position":"center center","background-size":"auto","background-attachment":"scroll","background-type":"","background-media":"","overlay-type":"","overlay-color":"","overlay-opacity":"","overlay-gradient":""},"mobile":{"background-color":"","background-image":"","background-repeat":"repeat","background-position":"center center","background-size":"auto","background-attachment":"scroll","background-type":"","background-media":"","overlay-type":"","overlay-color":"","overlay-opacity":"","overlay-gradient":""}},"ast-content-background-meta":{"desktop":{"background-color":"var(--ast-global-color-5)","background-image":"","background-repeat":"repeat","background-position":"center center","background-size":"auto","background-attachment":"scroll","background-type":"","background-media":"","overlay-type":"","overlay-color":"","overlay-opacity":"","overlay-gradient":""},"tablet":{"background-color":"var(--ast-global-color-5)","background-image":"","background-repeat":"repeat","background-position":"center center","background-size":"auto","background-attachment":"scroll","background-type":"","background-media":"","overlay-type":"","overlay-color":"","overlay-opacity":"","overlay-gradient":""},"mobile":{"background-color":"var(--ast-global-color-5)","background-image":"","background-repeat":"repeat","background-position":"center center","background-size":"auto","background-attachment":"scroll","background-type":"","background-media":"","overlay-type":"","overlay-color":"","overlay-opacity":"","overlay-gradient":""}},"footnotes":""},"class_list":["post-5317","page","type-page","status-publish","hentry"],"_links":{"self":[{"href":"https:\/\/terra-contact.fr\/ca\/wp-json\/wp\/v2\/pages\/5317","targetHints":{"allow":["GET"]}}],"collection":[{"href":"https:\/\/terra-contact.fr\/ca\/wp-json\/wp\/v2\/pages"}],"about":[{"href":"https:\/\/terra-contact.fr\/ca\/wp-json\/wp\/v2\/types\/page"}],"author":[{"embeddable":true,"href":"https:\/\/terra-contact.fr\/ca\/wp-json\/wp\/v2\/users\/1"}],"replies":[{"embeddable":true,"href":"https:\/\/terra-contact.fr\/ca\/wp-json\/wp\/v2\/comments?post=5317"}],"version-history":[{"count":460,"href":"https:\/\/terra-contact.fr\/ca\/wp-json\/wp\/v2\/pages\/5317\/revisions"}],"predecessor-version":[{"id":9574,"href":"https:\/\/terra-contact.fr\/ca\/wp-json\/wp\/v2\/pages\/5317\/revisions\/9574"}],"wp:attachment":[{"href":"https:\/\/terra-contact.fr\/ca\/wp-json\/wp\/v2\/media?parent=5317"}],"curies":[{"name":"wp","href":"https:\/\/api.w.org\/{rel}","templated":true}]}}