{"id":4025,"date":"2025-01-18T19:32:37","date_gmt":"2025-01-18T18:32:37","guid":{"rendered":"https:\/\/terra-contact.fr\/?page_id=4025"},"modified":"2026-03-20T17:28:12","modified_gmt":"2026-03-20T16:28:12","slug":"infos-pratiques","status":"publish","type":"page","link":"https:\/\/terra-contact.fr\/ca\/infos-pratiques\/","title":{"rendered":"infos pratiques"},"content":{"rendered":"\t\t<div data-elementor-type=\"wp-page\" data-elementor-id=\"4025\" class=\"elementor elementor-4025\">\n\t\t\t\t<div class=\"elementor-element elementor-element-ea2514d e-flex e-con-boxed e-con e-parent\" data-id=\"ea2514d\" data-element_type=\"container\">\n\t\t\t\t\t<div class=\"e-con-inner\">\n\t\t<div class=\"elementor-element elementor-element-bc82eff e-con-full e-flex e-con e-child\" data-id=\"bc82eff\" data-element_type=\"container\">\n\t\t<div class=\"elementor-element elementor-element-1d04bf7 e-con-full elementor-hidden-mobile e-flex e-con e-child\" data-id=\"1d04bf7\" data-element_type=\"container\">\n\t\t\t\t<div class=\"elementor-element elementor-element-d85c0c5 elementor-widget__width-initial e-transform elementor-widget elementor-widget-image\" data-id=\"d85c0c5\" data-element_type=\"widget\" data-settings=\"{&quot;_transform_scale_effect&quot;:{&quot;unit&quot;:&quot;px&quot;,&quot;size&quot;:0.6,&quot;sizes&quot;:[]},&quot;_transform_scale_effect_tablet&quot;:{&quot;unit&quot;:&quot;px&quot;,&quot;size&quot;:&quot;&quot;,&quot;sizes&quot;:[]},&quot;_transform_scale_effect_mobile&quot;:{&quot;unit&quot;:&quot;px&quot;,&quot;size&quot;:&quot;&quot;,&quot;sizes&quot;:[]}}\" data-widget_type=\"image.default\">\n\t\t\t\t<div class=\"elementor-widget-container\">\n\t\t\t\t\t\t\t\t\t\t\t\t\t\t\t<img decoding=\"async\" src=\"https:\/\/terra-contact.fr\/wp-content\/uploads\/2026\/02\/ciste_200_terra-contact_2026_danse_france_pyrenees-orientales_gaudeau_nature_sauvage-wild.png\" title=\"ciste_200_terra-contact_2026_danse_france_pyrenees-orientales_gaudeau_nature_sauvage-wild\" alt=\"ciste_200_terra-contact_2026_danse_france_pyrenees-orientales_gaudeau_nature_sauvage-wild\" loading=\"lazy\" \/>\t\t\t\t\t\t\t\t\t\t\t\t\t\t\t<\/div>\n\t\t\t\t<\/div>\n\t\t\t\t<\/div>\n\t\t\t\t<div class=\"elementor-element elementor-element-a41128e elementor-widget__width-initial elementor-hidden-mobile elementor-widget elementor-widget-text-editor\" data-id=\"a41128e\" data-element_type=\"widget\" data-widget_type=\"text-editor.default\">\n\t\t\t\t<div class=\"elementor-widget-container\">\n\t\t\t\t\t\t\t\t\t<h3><strong>TERRA CONTACT 2026<\/strong><\/h3><p>Limitat a 30 persones per setmana<br \/>Els tallers estan oberts a tothom, des de principiants fins a participants experimentats.<br \/>Seran en franc\u00e8s, amb traducci\u00f3 col\u00b7laborativa a l\u2019angl\u00e8s, catal\u00e0 o castell\u00e0 si cal.<\/p><h3>\u00a0<\/h3><h3><strong>QUOTA :<\/strong><\/h3><div><u><b>Per a una setmana<\/b><\/u><b> <\/b><em><b>(tot incl\u00f2s: acampada, 2 x \u00e0pats, tallers, sessions JAM i quota d\u2019associaci\u00f3) :<\/b><\/em><\/div><div><b>Inscripci\u00f3 anticipada (inscripci\u00f3 abans del 30 d\u2019abril) : 350 \u20ac<br \/>Preu normal (inscripci\u00f3 despr\u00e9s del 30 d\u2019abril) : 390 \u20ac<\/b><br \/><b><\/b><\/div><p>Els participants trien venir per una setmana a triar o per al festival complet.<\/p><p>\u23af\u23af\u23af\u23af\u23af\u23af\u23af\u23af\u23af\u23af\u23af\u23af\u23af\u23af\u23af\u23af\u23af\u23af\u23af<\/p><p><strong>\u2737 Setmana 1 : del 10 al 15 d\u2019agost de 2026<\/strong> : <a href=\"https:\/\/terra-contact.fr\/semaine-1\" target=\"_blank\" rel=\"noopener\">Alice Dutreuil-Nouchimowitz<\/a><br \/>Tem\u00e0tica : \u00ab Animal Ancestral \u00bb.<br \/><strong>\u2737 Setmana 2 : del 17 al 23 d\u2019agost :<\/strong> <a href=\"https:\/\/terra-contact.fr\/semaine-2\" target=\"_blank\" rel=\"noopener\">Matthieu Gaudeau<\/a><br \/>Tem\u00e0tica : \u00ab Ficcions animals \u00bb.<\/p><p>\u2013 <strong>Sessions de m\u00fasica improvisada cada vespre<\/strong> als sons dels grills amb la dol\u00e7or nocturna dels turons.<br \/>\u2013 Vespres amb m\u00fasics en directe : <a href=\"https:\/\/terra-contact.fr\/intervenants\/#lionel\" target=\"_blank\" rel=\"noopener\">Lionel Banevitch<\/a>, <a href=\"#jonathan-balmefrezol\">Jonathan Balm\u00e9fr\u00e9zole<\/a> i sorpreses per venir\u2026 \ud83e\ude95\ud83e\ude88\ud83e\ude89\ud83c\udfb6\ud83c\udfa4<\/p><h5>\u00a0<\/h5><p>\u00a0<\/p><h5><strong>INFORMACI\u00d3 PR\u00c0CTICA<\/strong><\/h5><p><span style=\"text-decoration: underline;\">.\u2737 <strong>El menjar \/ la set<\/strong><\/span><strong> :<\/strong><br \/>2 deliciosos <strong>\u00e0pats bio<\/strong> sans i <strong>vegetarians<\/strong> inclosos per dia (dinar i sopar).<br \/>Porteu els vostres esmorzars i berenars \ud83e\udd63<br \/><strong>Aigua de font<\/strong> disponible per omplir les vostres cantimplores \ud83d\udca7<br \/>Un poble petit est\u00e0 a 8 minuts en cotxe per fer compres si cal.<br \/>Per a una trobada de qualitat, demanem que el consum d\u2019alcohol sigui limitat,<\/p><p>gr\u00e0cies per contribuir a aquesta qualitat.<br \/>A torns, cadasc\u00fa participar\u00e0 en la preparaci\u00f3 dels \u00e0pats \ud83e\udd57<\/p><p>\u00a0<\/p><p><span style=\"text-decoration: underline;\">\u2737<\/span><strong><span style=\"text-decoration: underline;\"> Per dormir<\/span> :<\/strong><br \/>\u26fa\ufe0f Acampada al terreny, cadasc\u00fa trobar\u00e0 el seu espai :<br \/>En un prat en col\u00b7lectiu, sol al tur\u00f3, a la seva hamaca, en vehicle adaptat o a l\u2019aire lliure&#8230;.<\/p><p>\u00a0<\/p><p><span style=\"text-decoration: underline;\">\u2737 <\/span><strong><span style=\"text-decoration: underline;\">Serveis sanitaris (senzills i ecol\u00f2gics) :<\/span><\/strong><br \/>Dutxes fresques a l\u2019exterior, <span style=\"font-style: inherit; font-weight: inherit; color: var( --e-global-color-text ); font-family: var( --e-global-typography-text-font-family ), Sans-serif; text-align: var(--text-align);\">lavabos secs \ud83d\udebf<br \/>Rentadora solar.<br \/>Gr\u00e0cies per portar sabons el m\u00e9s naturals possible \ud83e\uddfc<\/span><\/p><p>\u00a0<\/p><p><span style=\"text-decoration: underline;\">\u2737 <\/span><strong><span style=\"text-decoration: underline;\">Zona de relaxaci\u00f3<\/span><\/strong> :<br \/>Sal\u00f3 de sof\u00e0s a l\u2019exterior davant de la muntanya per admirar la sortida i la posta de sol \ud83d\udecb\ufe0f \ud83c\udf05<br \/>Zona de relaxaci\u00f3 amb sof\u00e0s, matalassos, taules, llibres, retoladors&#8230; sota els arbres. \ud83c\udf33<br \/>Porteu els vostres instruments musicals si us ve de gust i per a les sessions de jam !<br \/>Alguns gats o altres animals salvatges \ud83e\udd8a podrien venir a veure-us&#8230;\ud83d\udc08<\/p><p>\u00a0<\/p><p><span style=\"text-decoration: underline;\">\u2737 <\/span><strong><span style=\"text-decoration: underline;\">La natura al voltant<\/span><\/strong> :<br \/>Passejades pels camins de baix o als turons amb vistes panor\u00e0miques de les muntanyes, el mar a la llunyania i roques misterioses \u26f0\ufe0f<br \/>Magn\u00edfics cels estrellats a la nit \ud83c\udf20<br \/>Els rius de la zona per refrescar-se \ud83d\udca6 (trajectes en cotxe) :<br \/>-Arbrat, passeig possible a l\u2019aigua poc profunda, a 10 minuts.<br \/>-Amb roques i basses per mullar-se, a 30 minuts (m\u00e9s salvatge)<br \/>-Aigua verda esmeralda, sorra, arbrat, ideal per nedar, a 30 minuts<\/p><p>\u00a0<\/p><p><span style=\"text-decoration: underline;\">\u2737 <\/span><strong><span style=\"text-decoration: underline;\">Electricitat<\/span><\/strong> :<br \/>El lloc \u00e9s aut\u00f2nom en electricitat (100% solar) \ud83c\udf1e<br \/>Porteu les vostres llums aut\u00f2nomes (amb bateria)&#8230;\ud83d\udd26<br \/>Endolls USB disponibles, (endoll de 230V disponible segons el sol).<\/p><p>\u00a0<\/p><p><span style=\"text-decoration: underline;\">\u2737 <\/span><strong><span style=\"text-decoration: underline;\">OBLIGACI\u00d3 estricta per evitar riscos<\/span> :<\/strong><br \/>(zona fr\u00e0gil i sensible als incendis) :<br \/>No es permeten fogueres, espelmes, encens, etc&#8230;<br \/>Espai sense fum a tot el recinte (porteu els vostres pegats si cal) \ud83d\ude09<\/p><div><p class=\"p1\" style=\"font-size: 0.8em;\"><em><br \/>Cr\u00e8dit foto : <a href=\"https:\/\/www.clairesabattie.com\/\" target=\"_blank\" rel=\"noopener\">Claire Sabatti\u00e9<\/a><br \/>(sauf photos 6,7,8,9)<\/em><\/p><\/div>\t\t\t\t\t\t\t\t<\/div>\n\t\t\t\t<\/div>\n\t\t\t\t<\/div>\n\t\t<div class=\"elementor-element elementor-element-de25297 e-con-full elementor-hidden-desktop elementor-hidden-tablet e-flex e-con e-child\" data-id=\"de25297\" data-element_type=\"container\">\n\t\t<div class=\"elementor-element elementor-element-7069328 e-con-full e-flex e-con e-child\" data-id=\"7069328\" data-element_type=\"container\">\n\t\t\t\t<div class=\"elementor-element elementor-element-6ba9f85 elementor-widget__width-initial e-transform elementor-widget elementor-widget-image\" data-id=\"6ba9f85\" data-element_type=\"widget\" data-settings=\"{&quot;_transform_scale_effect&quot;:{&quot;unit&quot;:&quot;px&quot;,&quot;size&quot;:0.6,&quot;sizes&quot;:[]},&quot;_transform_scale_effect_tablet&quot;:{&quot;unit&quot;:&quot;px&quot;,&quot;size&quot;:&quot;&quot;,&quot;sizes&quot;:[]},&quot;_transform_scale_effect_mobile&quot;:{&quot;unit&quot;:&quot;px&quot;,&quot;size&quot;:&quot;&quot;,&quot;sizes&quot;:[]}}\" data-widget_type=\"image.default\">\n\t\t\t\t<div class=\"elementor-widget-container\">\n\t\t\t\t\t\t\t\t\t\t\t\t\t\t\t<img decoding=\"async\" src=\"https:\/\/terra-contact.fr\/wp-content\/uploads\/2026\/02\/ciste_200_terra-contact_2026_danse_france_pyrenees-orientales_gaudeau_nature_sauvage-wild.png\" title=\"ciste_200_terra-contact_2026_danse_france_pyrenees-orientales_gaudeau_nature_sauvage-wild\" alt=\"ciste_200_terra-contact_2026_danse_france_pyrenees-orientales_gaudeau_nature_sauvage-wild\" loading=\"lazy\" \/>\t\t\t\t\t\t\t\t\t\t\t\t\t\t\t<\/div>\n\t\t\t\t<\/div>\n\t\t\t\t<\/div>\n\t\t\t\t<div class=\"elementor-element elementor-element-88aa02b elementor-widget__width-initial elementor-widget elementor-widget-text-editor\" data-id=\"88aa02b\" data-element_type=\"widget\" data-widget_type=\"text-editor.default\">\n\t\t\t\t<div class=\"elementor-widget-container\">\n\t\t\t\t\t\t\t\t\t<h3><strong>TERRA CONTACT 2026<\/strong><\/h3><p>Limitat a 30 persones per setmana<br \/>Els tallers estan oberts a tothom, des de principiants fins a participants experimentats.<br \/>Seran en franc\u00e8s, amb traducci\u00f3 col\u00b7laborativa a l\u2019angl\u00e8s, catal\u00e0 o castell\u00e0 si cal.<\/p><h3>\u00a0<\/h3><h3><strong>QUOTA :<\/strong><\/h3><div><u><b>Per a una setmana<\/b><\/u><b> <\/b><em><b>(tot incl\u00f2s: acampada, 2 x \u00e0pats, tallers, sessions JAM i quota d\u2019associaci\u00f3) :<\/b><\/em><\/div><div><b>Inscripci\u00f3 anticipada (inscripci\u00f3 abans del 30 d\u2019abril) : 350 \u20ac<br \/>Preu normal (inscripci\u00f3 despr\u00e9s del 30 d\u2019abril) : 390 \u20ac<\/b><br \/><b><\/b><\/div><p>Els participants trien venir per una setmana a triar o per al festival complet.<\/p><p>\u23af\u23af\u23af\u23af\u23af\u23af\u23af\u23af\u23af\u23af\u23af\u23af\u23af\u23af\u23af\u23af\u23af\u23af\u23af<\/p><p><strong>\u2737 Setmana 1 : del 10 al 15 d\u2019agost de 2026<\/strong> : <a href=\"https:\/\/terra-contact.fr\/semaine-1\" target=\"_blank\" rel=\"noopener\">Alice Dutreuil-Nouchimowitz<\/a><br \/>Tem\u00e0tica : \u00ab Animal Ancestral \u00bb.<br \/><strong>\u2737 Setmana 2 : del 17 al 23 d\u2019agost :<\/strong> <a href=\"https:\/\/terra-contact.fr\/semaine-2\" target=\"_blank\" rel=\"noopener\">Matthieu Gaudeau<\/a><br \/>Tem\u00e0tica : \u00ab Ficcions animals \u00bb.<\/p><p>\u2013 <strong>Sessions de m\u00fasica improvisada cada vespre<\/strong> als sons dels grills amb la dol\u00e7or nocturna dels turons.<br \/>\u2013 Vespres amb m\u00fasics en directe : <a href=\"https:\/\/terra-contact.fr\/intervenants\/#lionel\" target=\"_blank\" rel=\"noopener\">Lionel Banevitch<\/a>, <a href=\"#jonathan-balmefrezol\">Jonathan Balm\u00e9fr\u00e9zole<\/a> i sorpreses per venir\u2026 \ud83e\ude95\ud83e\ude88\ud83e\ude89\ud83c\udfb6\ud83c\udfa4<\/p><h5>\u00a0<\/h5><h5><strong>INFORMACI\u00d3 PR\u00c0CTICA<\/strong><\/h5><p><span style=\"text-decoration: underline;\">.\u2737 <strong>El menjar \/ la set<\/strong><\/span><strong> :<\/strong><br \/>2 deliciosos <strong>\u00e0pats bio<\/strong> sans i <strong>vegetarians<\/strong> inclosos per dia (dinar i sopar).<br \/>Porteu els vostres esmorzars i berenars \ud83e\udd63<br \/><strong>Aigua de font<\/strong> disponible per omplir les vostres cantimplores \ud83d\udca7<br \/>Un poble petit est\u00e0 a 8 minuts en cotxe per fer compres si cal.<br \/>Per a una trobada de qualitat, demanem que el consum d\u2019alcohol sigui limitat,<\/p><p>gr\u00e0cies per contribuir a aquesta qualitat.<br \/>A torns, cadasc\u00fa participar\u00e0 en la preparaci\u00f3 dels \u00e0pats \ud83e\udd57<\/p><p><span style=\"text-decoration: underline;\">\u2737<\/span><strong><span style=\"text-decoration: underline;\"> Per dormir<\/span> :<\/strong><br \/>\u26fa\ufe0f Acampada al terreny, cadasc\u00fa trobar\u00e0 el seu espai :<br \/>En un prat en col\u00b7lectiu, sol al tur\u00f3, a la seva hamaca, en vehicle adaptat o a l\u2019aire lliure&#8230;.<\/p><p><span style=\"text-decoration: underline;\">\u2737 <\/span><strong><span style=\"text-decoration: underline;\">Serveis sanitaris (senzills i ecol\u00f2gics) :<\/span><\/strong><br \/>Dutxes fresques a l\u2019exterior, <span style=\"font-style: inherit; font-weight: inherit; color: var( --e-global-color-text ); font-family: var( --e-global-typography-text-font-family ), Sans-serif; text-align: var(--text-align);\">lavabos secs \ud83d\udebf<br \/>Rentadora solar.<br \/>Gr\u00e0cies per portar sabons el m\u00e9s naturals possible \ud83e\uddfc<\/span><\/p><p><span style=\"text-decoration: underline;\">\u2737 <\/span><strong><span style=\"text-decoration: underline;\">Zona de relaxaci\u00f3<\/span><\/strong> :<br \/>Sal\u00f3 de sof\u00e0s a l\u2019exterior davant de la muntanya per admirar la sortida i la posta de sol \ud83d\udecb\ufe0f \ud83c\udf05<br \/>Zona de relaxaci\u00f3 amb sof\u00e0s, matalassos, taules, llibres, retoladors&#8230; sota els arbres. \ud83c\udf33<br \/>Porteu els vostres instruments musicals si us ve de gust i per a les sessions de jam !<br \/>Alguns gats o altres animals salvatges \ud83e\udd8a podrien venir a veure-us&#8230;\ud83d\udc08<\/p><p><span style=\"text-decoration: underline;\">\u2737 <\/span><strong><span style=\"text-decoration: underline;\">La natura al voltant<\/span><\/strong> :<br \/>Passejades pels camins de baix o als turons amb vistes panor\u00e0miques de les muntanyes, el mar a la llunyania i roques misterioses \u26f0\ufe0f<br \/>Magn\u00edfics cels estrellats a la nit \ud83c\udf20<br \/>Els rius de la zona per refrescar-se \ud83d\udca6 (trajectes en cotxe) :<br \/>-Arbrat, passeig possible a l\u2019aigua poc profunda, a 10 minuts.<br \/>-Amb roques i basses per mullar-se, a 30 minuts (m\u00e9s salvatge)<br \/>-Aigua verda esmeralda, sorra, arbrat, ideal per nedar, a 30 minuts<\/p><p><span style=\"text-decoration: underline;\">\u2737 <\/span><strong><span style=\"text-decoration: underline;\">Electricitat<\/span><\/strong> :<br \/>El lloc \u00e9s aut\u00f2nom en electricitat (100% solar) \ud83c\udf1e<br \/>Porteu les vostres llums aut\u00f2nomes (amb bateria)&#8230;\ud83d\udd26<br \/>Endolls USB disponibles, (endoll de 230V disponible segons el sol).<\/p><p><span style=\"text-decoration: underline;\">\u2737 <\/span><strong><span style=\"text-decoration: underline;\">OBLIGACI\u00d3 estricta per evitar riscos<\/span> :<\/strong><br \/>(zona fr\u00e0gil i sensible als incendis) :<br \/>No es permeten fogueres, espelmes, encens, etc&#8230;<br \/>Espai sense fum a tot el recinte (porteu els vostres pegats si cal) \ud83d\ude09<\/p><div><p class=\"p1\" style=\"font-size: 0.8em;\"><em><br \/>Cr\u00e8dit foto : <a href=\"https:\/\/www.clairesabattie.com\/\" target=\"_blank\" rel=\"noopener\">Claire Sabatti\u00e9<\/a><br \/>(sauf photos 6,7,8,9)<\/em><\/p><\/div>\t\t\t\t\t\t\t\t<\/div>\n\t\t\t\t<\/div>\n\t\t\t\t<\/div>\n\t\t<div class=\"elementor-element elementor-element-cfcaf73 e-con-full e-flex e-con e-child\" data-id=\"cfcaf73\" data-element_type=\"container\">\n\t\t\t\t<div class=\"elementor-element elementor-element-61a1bdf elementor-widget__width-initial elementor-widget elementor-widget-image\" data-id=\"61a1bdf\" data-element_type=\"widget\" data-widget_type=\"image.default\">\n\t\t\t\t<div class=\"elementor-widget-container\">\n\t\t\t\t\t\t\t\t\t\t\t\t\t\t\t<img fetchpriority=\"high\" decoding=\"async\" width=\"388\" height=\"802\" src=\"https:\/\/terra-contact.fr\/wp-content\/uploads\/2026\/02\/cuisine-1-terra-contact-impro-danse.jpg\" class=\"attachment-medium_large size-medium_large wp-image-7596\" alt=\"\" srcset=\"https:\/\/terra-contact.fr\/wp-content\/uploads\/2026\/02\/cuisine-1-terra-contact-impro-danse.jpg 388w, https:\/\/terra-contact.fr\/wp-content\/uploads\/2026\/02\/cuisine-1-terra-contact-impro-danse-145x300.jpg 145w\" sizes=\"(max-width: 388px) 100vw, 388px\" \/>\t\t\t\t\t\t\t\t\t\t\t\t\t\t\t<\/div>\n\t\t\t\t<\/div>\n\t\t\t\t<div class=\"elementor-element elementor-element-7d4fc60 elementor-widget__width-initial elementor-widget elementor-widget-image\" data-id=\"7d4fc60\" data-element_type=\"widget\" data-widget_type=\"image.default\">\n\t\t\t\t<div class=\"elementor-widget-container\">\n\t\t\t\t\t\t\t\t\t\t\t\t\t\t\t<img decoding=\"async\" width=\"498\" height=\"592\" src=\"https:\/\/terra-contact.fr\/wp-content\/uploads\/2026\/02\/chene_1_reverse_terra-contact_2026_danse_france_pyrenees-orientales_gaudeau_nature_sauvage-wild.png\" class=\"attachment-medium_large size-medium_large wp-image-7408\" alt=\"\" srcset=\"https:\/\/terra-contact.fr\/wp-content\/uploads\/2026\/02\/chene_1_reverse_terra-contact_2026_danse_france_pyrenees-orientales_gaudeau_nature_sauvage-wild.png 498w, https:\/\/terra-contact.fr\/wp-content\/uploads\/2026\/02\/chene_1_reverse_terra-contact_2026_danse_france_pyrenees-orientales_gaudeau_nature_sauvage-wild-252x300.png 252w\" sizes=\"(max-width: 498px) 100vw, 498px\" \/>\t\t\t\t\t\t\t\t\t\t\t\t\t\t\t<\/div>\n\t\t\t\t<\/div>\n\t\t\t\t<div class=\"elementor-element elementor-element-a11510b elementor-widget__width-initial elementor-hidden-mobile elementor-widget elementor-widget-image\" data-id=\"a11510b\" data-element_type=\"widget\" data-widget_type=\"image.default\">\n\t\t\t\t<div class=\"elementor-widget-container\">\n\t\t\t\t\t\t\t\t\t\t\t\t\t\t\t<img decoding=\"async\" width=\"150\" height=\"150\" src=\"https:\/\/terra-contact.fr\/wp-content\/uploads\/2026\/02\/ciste_blanche_terra-contact_2026_danse_france_pyrenees-orientales_gaudeau_nature_sauvage-wild-150x150.png\" class=\"attachment-thumbnail size-thumbnail wp-image-7406\" alt=\"\" \/>\t\t\t\t\t\t\t\t\t\t\t\t\t\t\t<\/div>\n\t\t\t\t<\/div>\n\t\t\t\t<div class=\"elementor-element elementor-element-bff709c e-transform elementor-widget elementor-widget-image\" data-id=\"bff709c\" data-element_type=\"widget\" data-settings=\"{&quot;_transform_scale_effect&quot;:{&quot;unit&quot;:&quot;px&quot;,&quot;size&quot;:0.4,&quot;sizes&quot;:[]},&quot;_transform_scale_effect_tablet&quot;:{&quot;unit&quot;:&quot;px&quot;,&quot;size&quot;:&quot;&quot;,&quot;sizes&quot;:[]},&quot;_transform_scale_effect_mobile&quot;:{&quot;unit&quot;:&quot;px&quot;,&quot;size&quot;:&quot;&quot;,&quot;sizes&quot;:[]}}\" data-widget_type=\"image.default\">\n\t\t\t\t<div class=\"elementor-widget-container\">\n\t\t\t\t\t\t\t\t\t\t\t\t\t\t\t<img loading=\"lazy\" decoding=\"async\" width=\"269\" height=\"228\" src=\"https:\/\/terra-contact.fr\/wp-content\/uploads\/2026\/02\/loriot-vers-gauche-Terra-contact_2026_danse_france_pyrenees-orientales_nature_sauvage-wild.png\" class=\"attachment-large size-large wp-image-7630\" alt=\"\" \/>\t\t\t\t\t\t\t\t\t\t\t\t\t\t\t<\/div>\n\t\t\t\t<\/div>\n\t\t\t\t<div class=\"elementor-element elementor-element-3430bb6 elementor-widget elementor-widget-image\" data-id=\"3430bb6\" data-element_type=\"widget\" data-widget_type=\"image.default\">\n\t\t\t\t<div class=\"elementor-widget-container\">\n\t\t\t\t\t\t\t\t\t\t\t\t\t\t\t<img loading=\"lazy\" decoding=\"async\" width=\"389\" height=\"802\" src=\"https:\/\/terra-contact.fr\/wp-content\/uploads\/2026\/02\/lieu-1-terra-contact-impro-danse.jpg\" class=\"attachment-large size-large wp-image-7611\" alt=\"\" srcset=\"https:\/\/terra-contact.fr\/wp-content\/uploads\/2026\/02\/lieu-1-terra-contact-impro-danse.jpg 389w, https:\/\/terra-contact.fr\/wp-content\/uploads\/2026\/02\/lieu-1-terra-contact-impro-danse-146x300.jpg 146w\" sizes=\"(max-width: 389px) 100vw, 389px\" \/>\t\t\t\t\t\t\t\t\t\t\t\t\t\t\t<\/div>\n\t\t\t\t<\/div>\n\t\t<div class=\"elementor-element elementor-element-a487fc4 e-con-full e-flex e-con e-child\" data-id=\"a487fc4\" data-element_type=\"container\">\n\t\t\t\t<div class=\"elementor-element elementor-element-22ae5f0 elementor-widget elementor-widget-image\" data-id=\"22ae5f0\" data-element_type=\"widget\" data-widget_type=\"image.default\">\n\t\t\t\t<div class=\"elementor-widget-container\">\n\t\t\t\t\t\t\t\t\t\t\t\t\t\t\t<img loading=\"lazy\" decoding=\"async\" width=\"389\" height=\"802\" src=\"https:\/\/terra-contact.fr\/wp-content\/uploads\/2026\/02\/mix3-nature-wild-terra-contact-impro-festival-copie.jpg\" class=\"attachment-large size-large wp-image-7865\" alt=\"\" srcset=\"https:\/\/terra-contact.fr\/wp-content\/uploads\/2026\/02\/mix3-nature-wild-terra-contact-impro-festival-copie.jpg 389w, https:\/\/terra-contact.fr\/wp-content\/uploads\/2026\/02\/mix3-nature-wild-terra-contact-impro-festival-copie-146x300.jpg 146w\" sizes=\"(max-width: 389px) 100vw, 389px\" \/>\t\t\t\t\t\t\t\t\t\t\t\t\t\t\t<\/div>\n\t\t\t\t<\/div>\n\t\t\t\t<\/div>\n\t\t\t\t<\/div>\n\t\t\t\t\t<\/div>\n\t\t\t\t<\/div>\n\t\t<div class=\"elementor-element elementor-element-e266401 e-flex e-con-boxed e-con e-parent\" data-id=\"e266401\" data-element_type=\"container\">\n\t\t\t\t\t<div class=\"e-con-inner\">\n\t\t\t\t\t<\/div>\n\t\t\t\t<\/div>\n\t\t<div class=\"elementor-element elementor-element-6c90d77 e-flex e-con-boxed e-con e-parent\" data-id=\"6c90d77\" data-element_type=\"container\">\n\t\t\t\t\t<div class=\"e-con-inner\">\n\t\t\t\t\t<\/div>\n\t\t\t\t<\/div>\n\t\t\t\t<\/div>\n\t\t","protected":false},"excerpt":{"rendered":"<p>TERRA CONTACT 2026 Th\u00e8me : retour \u00e0 l&#8217;instinct Places limit\u00e9es \u00e0 30 personnes \/ semaine Les ateliers sont ouverts \u00e0 toutes les personnes, d\u00e9butantes comme exp\u00e9riment\u00e9es. Ils seront en fran\u00e7ais, avec une traduction collaborative en anglais, catalan ou espagnol si n\u00e9cessaire. \u00a0 TARIFS \/ PAF :\u00a0 Pour une semaine ( tout compris : camping , [&hellip;]<\/p>\n","protected":false},"author":1,"featured_media":0,"parent":0,"menu_order":0,"comment_status":"closed","ping_status":"closed","template":"","meta":{"site-sidebar-layout":"no-sidebar","site-content-layout":"page-builder","ast-site-content-layout":"full-width-container","site-content-style":"default","site-sidebar-style":"default","ast-global-header-display":"","ast-banner-title-visibility":"","ast-main-header-display":"","ast-hfb-above-header-display":"","ast-hfb-below-header-display":"","ast-hfb-mobile-header-display":"","site-post-title":"disabled","ast-breadcrumbs-content":"","ast-featured-img":"disabled","footer-sml-layout":"","theme-transparent-header-meta":"","adv-header-id-meta":"","stick-header-meta":"","header-above-stick-meta":"","header-main-stick-meta":"","header-below-stick-meta":"","astra-migrate-meta-layouts":"set","ast-page-background-enabled":"default","ast-page-background-meta":{"desktop":{"background-color":"var(--ast-global-color-4)","background-image":"","background-repeat":"repeat","background-position":"center center","background-size":"auto","background-attachment":"scroll","background-type":"","background-media":"","overlay-type":"","overlay-color":"","overlay-opacity":"","overlay-gradient":""},"tablet":{"background-color":"","background-image":"","background-repeat":"repeat","background-position":"center center","background-size":"auto","background-attachment":"scroll","background-type":"","background-media":"","overlay-type":"","overlay-color":"","overlay-opacity":"","overlay-gradient":""},"mobile":{"background-color":"","background-image":"","background-repeat":"repeat","background-position":"center center","background-size":"auto","background-attachment":"scroll","background-type":"","background-media":"","overlay-type":"","overlay-color":"","overlay-opacity":"","overlay-gradient":""}},"ast-content-background-meta":{"desktop":{"background-color":"var(--ast-global-color-5)","background-image":"","background-repeat":"repeat","background-position":"center center","background-size":"auto","background-attachment":"scroll","background-type":"","background-media":"","overlay-type":"","overlay-color":"","overlay-opacity":"","overlay-gradient":""},"tablet":{"background-color":"var(--ast-global-color-5)","background-image":"","background-repeat":"repeat","background-position":"center center","background-size":"auto","background-attachment":"scroll","background-type":"","background-media":"","overlay-type":"","overlay-color":"","overlay-opacity":"","overlay-gradient":""},"mobile":{"background-color":"var(--ast-global-color-5)","background-image":"","background-repeat":"repeat","background-position":"center center","background-size":"auto","background-attachment":"scroll","background-type":"","background-media":"","overlay-type":"","overlay-color":"","overlay-opacity":"","overlay-gradient":""}},"footnotes":""},"class_list":["post-4025","page","type-page","status-publish","hentry"],"_links":{"self":[{"href":"https:\/\/terra-contact.fr\/ca\/wp-json\/wp\/v2\/pages\/4025","targetHints":{"allow":["GET"]}}],"collection":[{"href":"https:\/\/terra-contact.fr\/ca\/wp-json\/wp\/v2\/pages"}],"about":[{"href":"https:\/\/terra-contact.fr\/ca\/wp-json\/wp\/v2\/types\/page"}],"author":[{"embeddable":true,"href":"https:\/\/terra-contact.fr\/ca\/wp-json\/wp\/v2\/users\/1"}],"replies":[{"embeddable":true,"href":"https:\/\/terra-contact.fr\/ca\/wp-json\/wp\/v2\/comments?post=4025"}],"version-history":[{"count":390,"href":"https:\/\/terra-contact.fr\/ca\/wp-json\/wp\/v2\/pages\/4025\/revisions"}],"predecessor-version":[{"id":9573,"href":"https:\/\/terra-contact.fr\/ca\/wp-json\/wp\/v2\/pages\/4025\/revisions\/9573"}],"wp:attachment":[{"href":"https:\/\/terra-contact.fr\/ca\/wp-json\/wp\/v2\/media?parent=4025"}],"curies":[{"name":"wp","href":"https:\/\/api.w.org\/{rel}","templated":true}]}}